{"id":1303,"date":"2024-02-03T23:37:46","date_gmt":"2024-02-03T23:37:46","guid":{"rendered":"https:\/\/diagzone.fr\/?page_id=1303"},"modified":"2025-08-24T14:30:34","modified_gmt":"2025-08-24T14:30:34","slug":"mentions-legales","status":"publish","type":"page","link":"https:\/\/diagzone.fr\/en\/mentions-legales\/","title":{"rendered":"Mentions L\u00e9gales"},"content":{"rendered":"<div data-elementor-type=\"wp-page\" data-elementor-id=\"1303\" class=\"elementor elementor-1303\">\n\t\t\t\t\t\t\t\t\t<section class=\"elementor-section elementor-top-section elementor-element elementor-element-33a7b856 elementor-section-boxed elementor-section-height-default elementor-section-height-default\" data-id=\"33a7b856\" data-element_type=\"section\">\n\t\t\t\t\t\t<div class=\"elementor-container elementor-column-gap-default\">\n\t\t\t\t\t<div class=\"elementor-column elementor-col-100 elementor-top-column elementor-element elementor-element-719d263e\" data-id=\"719d263e\" data-element_type=\"column\">\n\t\t\t<div class=\"elementor-widget-wrap elementor-element-populated\">\n\t\t\t\t\t\t\t\t<div class=\"elementor-element elementor-element-75dab5e elementor-widget elementor-widget-text-editor\" data-id=\"75dab5e\" data-element_type=\"widget\" data-widget_type=\"text-editor.default\">\n\t\t\t\t<div class=\"elementor-widget-container\">\n\t\t\t\t\t\t\t<!-- wp:paragraph -->\n<p>Mentions L\u00e9gales<\/p>\n<!-- \/wp:paragraph -->\t\t\t\t\t\t<\/div>\n\t\t\t\t<\/div>\n\t\t\t\t\t<\/div>\n\t\t<\/div>\n\t\t\t\t\t\t\t<\/div>\n\t\t<\/section>\n\t\t\t\t<section class=\"elementor-section elementor-top-section elementor-element elementor-element-b2f12c8 elementor-section-boxed elementor-section-height-default elementor-section-height-default\" data-id=\"b2f12c8\" data-element_type=\"section\">\n\t\t\t\t\t\t<div class=\"elementor-container elementor-column-gap-default\">\n\t\t\t\t\t<div class=\"elementor-column elementor-col-100 elementor-top-column elementor-element elementor-element-c9e20c3\" data-id=\"c9e20c3\" data-element_type=\"column\">\n\t\t\t<div class=\"elementor-widget-wrap elementor-element-populated\">\n\t\t\t\t\t\t\t\t<div class=\"elementor-element elementor-element-d892f78 elementor-widget elementor-widget-text-editor\" data-id=\"d892f78\" data-element_type=\"widget\" data-widget_type=\"text-editor.default\">\n\t\t\t\t<div class=\"elementor-widget-container\">\n\t\t\t\t\t\t\t<div style=\"position: relative; font-size: 16px; width: 1480px; min-width: unset; z-index: 0; margin-bottom: 60px; padding-right: 40px; padding-left: 40px; color: #10333f; font-family: 'Work Sans', 'Open Sans', 'Helvetica Neue', Helvetica, Roboto, Arial; font-variant-ligatures: normal; font-variant-caps: normal; letter-spacing: normal; text-transform: none; margin-left: auto !important; margin-right: auto !important; max-width: var(--max-row-size-padding-small) !important;\">\n<div style=\"width: 1400px; margin-left: auto; margin-right: auto; background-color: var(--background-body); max-width: var(--max-row-size-padding-small);\">\n<div style=\"background-color: transparent; display: flex; flex-wrap: wrap; position: relative; align-content: center; -webkit-box-align: center; align-items: center;\">\n<div style=\"z-index: 2; min-width: 100%; display: flex; flex-wrap: nowrap;\">\n<div style=\"z-index: 2; min-width: 100%;\">\n<h3 style=\"font-style: normal; font-weight: 400; font-size: 30px; margin-bottom: 0px; color: inherit; font-family: var(--font-family-title); position: relative; z-index: 2; min-width: 100%; line-height: 45px; min-height: 45px; text-align: left;\">Identification et publication<\/h3>\n<p style=\"font-style: normal; font-weight: 400; margin-bottom: 0px; line-height: 24px; color: inherit; z-index: 4; font-size: 16px; position: relative; min-width: 100%; width: 1400px; min-height: 24px;\">\n<\/p><h4 style=\"font-style: normal; font-weight: 400; font-size: 25px; margin-bottom: 0px; color: inherit; font-family: var(--font-family-title); position: relative; z-index: 2; min-width: 100%; line-height: 38px; min-height: 38px; text-align: justify;\">Editeur<\/h4>\n<p style=\"font-style: normal; font-weight: 400; margin-bottom: 0px; line-height: 24px; color: inherit; z-index: 4; font-size: 16px; position: relative; min-width: 100%; width: 1400px; min-height: 24px;\">\n<\/p><p style=\"margin-bottom: 0px; line-height: 24px; color: inherit; z-index: 2; width: 1400px; font-size: 16px; min-height: 24px; text-align: justify;\">Ce site est publi\u00e9 par <span style=\"font-style: normal; line-height: 1.42; z-index: 2;\"><em style=\"line-height: 1.42; z-index: 2;\"><b>&nbsp;<\/b>diagzone<b>,&nbsp;<\/b><\/em><\/span><span style=\"font-style: normal; font-weight: 400; color: inherit; font-size: 16px; background-color: transparent;\">immatricul\u00e9e au<\/span><span style=\"color: inherit; font-size: 16px; background-color: transparent;\">&nbsp;<\/span><span style=\"color: inherit; font-size: 16px; background-color: transparent; line-height: 1.42; z-index: 2;\"><span style=\"line-height: 1.42; z-index: 2;\">Registre du Commerce et des Soci\u00e9t\u00e9s de lille<span style=\"font-style: normal;\">&nbsp;<\/span><\/span><\/span><span style=\"font-style: normal; font-weight: 400; color: inherit; font-size: 16px; background-color: transparent;\">sous le num\u00e9ro<\/span><span style=\"color: inherit; font-size: 16px; background-color: transparent; line-height: 1.42; z-index: 2;\"><span style=\"line-height: 1.42; z-index: 2;\">&nbsp;siren<b style=\"font-style: italic;\">&nbsp;<\/b><\/span><\/span><span style=\"font-style: normal; font-weight: 400; font-variant-ligatures: normal; font-variant-caps: normal; background-color: transparent; color: #4d5156; font-family: arial, sans-serif; font-size: 14px;\">921109666<\/span><span style=\"font-style: normal; font-weight: 400; font-variant-ligatures: normal; font-variant-caps: normal; background-color: transparent; color: #4d5156; font-family: arial, sans-serif; font-size: 14px;\">&nbsp;<\/span><\/p>\n<p style=\"margin-bottom: 0px; line-height: 24px; color: inherit; z-index: 2; width: 1400px; font-size: 16px; min-height: 24px; text-align: justify;\">dont le si\u00e8ge social est situ\u00e9<span style=\"line-height: 1.42; z-index: 2;\"><span style=\"line-height: 1.42; z-index: 2;\">&nbsp;\u00e0 Lille- France.<\/span><\/span><\/p>\n<p style=\"font-style: normal; font-weight: 400; margin-bottom: 0px; line-height: 24px; color: inherit; z-index: 4; font-size: 16px; position: relative; min-width: 100%; width: 1400px; min-height: 24px;\"><span style=\"color: inherit; font-size: 16px; text-align: justify; background-color: transparent;\">si besoin&nbsp; contactez-nous par mail :&nbsp;<\/span><span style=\"color: inherit; font-size: 16px; text-align: justify; background-color: transparent; line-height: 1.42; z-index: 2;\">diagzone@diagzone.fr<\/span><\/p>\n<p style=\"font-style: normal; font-weight: 400; margin-bottom: 0px; line-height: 24px; color: inherit; z-index: 4; font-size: 16px; position: relative; min-width: 100%; width: 1400px; min-height: 24px;\"><span style=\"color: inherit; font-size: 16px; font-style: normal; font-weight: 400; background-color: transparent;\">Contact t\u00e9l\u00e9phonique : 0745295944<\/span><\/p>\n<p style=\"font-style: normal; font-weight: 400; margin-bottom: 0px; line-height: 24px; color: inherit; z-index: 4; font-size: 16px; position: relative; min-width: 100%; width: 1400px; min-height: 24px;\">\n<\/p><h4 style=\"font-style: normal; font-weight: 400; font-size: 25px; margin-bottom: 0px; color: inherit; font-family: var(--font-family-title); position: relative; z-index: 2; min-width: 100%; line-height: 38px; min-height: 38px; text-align: justify;\">H\u00e9bergeur<\/h4>\n<p style=\"font-style: normal; font-weight: 400; margin-bottom: 0px; line-height: 24px; color: inherit; z-index: 4; font-size: 16px; position: relative; min-width: 100%; width: 1400px; min-height: 24px;\">\n<\/p><p style=\"font-style: normal; margin-bottom: 0px; line-height: 24px; color: inherit; z-index: 4; font-size: 16px; position: relative; min-width: 100%; width: 1400px; min-height: 24px;\"><span style=\"font-weight: 400;\">L&rsquo;h\u00e9bergement de ce site est assur\u00e9 par la soci\u00e9t\u00e9 <\/span>10web&nbsp;sp\u00e9cialiste du e-commerce.<\/p>\n<p style=\"font-style: normal; font-weight: 400; margin-bottom: 0px; line-height: 24px; color: inherit; z-index: 4; font-size: 16px; position: relative; min-width: 100%; width: 1400px; min-height: 24px;\">La r\u00e9alisation de ce site a \u00e9t\u00e9 faite via la solution e-commerce wordpress.<\/p>\n<\/div>\n<\/div>\n<\/div>\n<\/div>\n<\/div>\n<div style=\"position: relative; font-size: 16px; width: 1480px; min-width: unset; z-index: 0; margin-bottom: 60px; padding-right: 40px; padding-left: 40px; color: #10333f; font-family: 'Work Sans', 'Open Sans', 'Helvetica Neue', Helvetica, Roboto, Arial; font-variant-ligatures: normal; font-variant-caps: normal; letter-spacing: normal; text-transform: none; margin-left: auto !important; margin-right: auto !important; max-width: var(--max-row-size-padding-small) !important;\">\n<div style=\"width: 1400px; margin-left: auto; margin-right: auto; background-color: var(--background-body); max-width: var(--max-row-size-padding-small);\">\n<div style=\"background-color: transparent; display: flex; flex-wrap: wrap; position: relative; align-content: center; -webkit-box-align: center; align-items: center;\">\n<div style=\"z-index: 2; min-width: 100%; display: flex; flex-wrap: nowrap;\">\n<div style=\"z-index: 2; min-width: 100%;\">\n<h3 style=\"font-style: normal; font-weight: 400; font-size: 30px; margin-bottom: 0px; color: inherit; font-family: var(--font-family-title); position: relative; z-index: 2; min-width: 100%; line-height: 45px; min-height: 45px;\">Propri\u00e9t\u00e9 intellectuelle<\/h3>\n<p style=\"font-style: normal; font-weight: 400; margin-bottom: 0px; line-height: 24px; color: inherit; z-index: 4; font-size: 16px; position: relative; min-width: 100%; width: 1400px; min-height: 24px;\">\n<\/p><p style=\"font-style: normal; margin-bottom: 0px; line-height: 24px; color: inherit; z-index: 2; width: 1400px; font-size: 16px; min-height: 24px; text-align: justify;\">La charte graphique du site a \u00e9t\u00e9 cr\u00e9\u00e9e par diagzone<span style=\"line-height: 1.42; z-index: 2;\"><em style=\"line-height: 1.42; z-index: 2;\">.<\/em><\/span><\/p>\n<p style=\"font-style: normal; font-weight: 400; margin-bottom: 0px; line-height: 24px; color: inherit; z-index: 2; width: 1400px; font-size: 16px; min-height: 24px; text-align: justify;\">\n<\/p><p style=\"margin-bottom: 0px; line-height: 24px; color: inherit; z-index: 2; width: 1400px; font-size: 16px; min-height: 24px; text-align: justify;\"><span style=\"font-style: normal; font-weight: 400;\">Tous les \u00e9l\u00e9ments graphiques, la structure et, plus g\u00e9n\u00e9ralement, le contenu du site <\/span>diagzone<b style=\"font-style: italic;\">&nbsp;<\/b>sont prot\u00e9g\u00e9s<\/p>\n<p style=\"font-style: normal; font-weight: 400; margin-bottom: 0px; line-height: 24px; color: inherit; z-index: 2; width: 1400px; font-size: 16px; min-height: 24px; text-align: justify;\">&nbsp;par le droit d&rsquo;auteur, le droit des marques et le droit des dessins et mod\u00e8les.<\/p>\n<p style=\"font-style: normal; font-weight: 400; margin-bottom: 0px; line-height: 24px; color: inherit; z-index: 2; width: 1400px; font-size: 16px; min-height: 24px; text-align: justify;\">\n<\/p><p style=\"font-style: normal; font-weight: 400; margin-bottom: 0px; line-height: 24px; color: inherit; z-index: 2; width: 1400px; font-size: 16px; min-height: 24px; text-align: justify;\">Toute personne qui recueille ou t\u00e9l\u00e9charge du contenu ou des&nbsp;informations diffus\u00e9es&nbsp;<\/p>\n<p style=\"font-style: normal; font-weight: 400; margin-bottom: 0px; line-height: 24px; color: inherit; z-index: 2; width: 1400px; font-size: 16px; min-height: 24px; text-align: justify;\">sur le site ne dispose sur ceux-ci que d\u2019un droit d\u2019usage priv\u00e9, personnel et non transmissible.<\/p>\n<p style=\"font-style: normal; font-weight: 400; margin-bottom: 0px; line-height: 24px; color: inherit; z-index: 2; width: 1400px; font-size: 16px; min-height: 24px; text-align: justify;\">\n<\/p><p style=\"margin-bottom: 0px; line-height: 24px; color: inherit; z-index: 2; width: 1400px; font-size: 16px; min-height: 24px; text-align: justify;\">La reproduction d\u2019une page du site dans un cadre ext\u00e9rieur \u00e0<span style=\"line-height: 1.42; z-index: 2;\"><span style=\"line-height: 1.42; z-index: 2;\"><b style=\"font-style: italic;\">&nbsp;<\/b>diagzone<b style=\"font-style: italic;\">&nbsp;<\/b><\/span><\/span>ou<\/p>\n<p style=\"margin-bottom: 0px; line-height: 24px; color: inherit; z-index: 2; width: 1400px; font-size: 16px; min-height: 24px; text-align: justify;\">&nbsp;l\u2019insertion d\u2019une page appartenant \u00e0<span style=\"line-height: 1.42; z-index: 2;\"><em style=\"font-style: normal; font-weight: 600; line-height: 1.42; z-index: 2;\">&nbsp;<\/em><span style=\"z-index: 2; color: #000000; text-align: initial;\">diagzone<\/span><\/span><span style=\"font-style: normal; font-weight: 400; z-index: 2; color: inherit;\">&nbsp;dans la page d\u2019un autre site est interdite.<\/span><\/p>\n<p style=\"font-style: normal; font-weight: 400; margin-bottom: 0px; line-height: 24px; color: inherit; z-index: 2; width: 1400px; font-size: 16px; min-height: 24px; text-align: justify;\">De m\u00eame, toute reproduction ou repr\u00e9sentation du site en partie ou en totalit\u00e9 est interdite&nbsp;<\/p>\n<p style=\"margin-bottom: 0px; line-height: 24px; color: inherit; z-index: 2; width: 1400px; font-size: 16px; min-height: 24px; text-align: justify;\"><span style=\"font-style: normal; font-weight: 400;\">sans l&rsquo;accord \u00e9crit de <\/span>diagzone<b style=\"font-style: italic;\">&nbsp;<\/b>et constituerait une contrefa\u00e7on sanctionn\u00e9e par les articles L. 335-2&nbsp;<\/p>\n<p style=\"margin-bottom: 0px; line-height: 24px; color: inherit; z-index: 2; width: 1400px; font-size: 16px; min-height: 24px; text-align: justify;\">et suivants du Code de la Propri\u00e9t\u00e9 Intellectuelle.<\/p>\n<p style=\"font-style: normal; font-weight: 400; margin-bottom: 0px; line-height: 24px; color: inherit; z-index: 2; width: 1400px; font-size: 16px; min-height: 24px; text-align: justify;\">\n<\/p><p style=\"font-style: normal; font-weight: 400; margin-bottom: 0px; line-height: 24px; color: inherit; z-index: 2; width: 1400px; font-size: 16px; min-height: 24px; text-align: justify;\">Les textes, graphismes, dessins, logos et photos qui sont diffus\u00e9s sur diagzone&nbsp;peuvent faire l&rsquo;objet d&rsquo;une reproduction<\/p>\n<p style=\"font-style: normal; font-weight: 400; margin-bottom: 0px; line-height: 24px; color: inherit; z-index: 2; width: 1400px; font-size: 16px; min-height: 24px; text-align: justify;\">&nbsp;sur un support papier ou un support \u00e9lectronique, sous r\u00e9serve de citer le nom et l&rsquo;adresse du site<\/p>\n<p style=\"font-style: normal; font-weight: 400; margin-bottom: 0px; line-height: 24px; color: inherit; z-index: 2; width: 1400px; font-size: 16px; min-height: 24px; text-align: justify;\">&nbsp;et de ne pas en faire une utilisation commerciale.<\/p>\n<p style=\"font-style: normal; font-weight: 400; margin-bottom: 0px; line-height: 24px; color: inherit; z-index: 2; width: 1400px; font-size: 16px; min-height: 24px; text-align: justify;\">Le non-respect des dispositions ci-dessus est susceptible de constituer une contrefa\u00e7on&nbsp;<\/p>\n<p style=\"font-style: normal; font-weight: 400; margin-bottom: 0px; line-height: 24px; color: inherit; z-index: 2; width: 1400px; font-size: 16px; min-height: 24px; text-align: justify;\">engageant la responsabilit\u00e9 civile ou p\u00e9nale de l&rsquo;auteur de la contrefa\u00e7on.<\/p>\n<\/div>\n<\/div>\n<\/div>\n<\/div>\n<\/div>\n<div style=\"position: relative; font-size: 16px; width: 1480px; min-width: unset; z-index: 1; margin-bottom: 60px; padding-right: 40px; padding-left: 40px; color: #10333f; font-family: 'Work Sans', 'Open Sans', 'Helvetica Neue', Helvetica, Roboto, Arial; font-variant-ligatures: normal; font-variant-caps: normal; letter-spacing: normal; text-transform: none; margin-left: auto !important; margin-right: auto !important; max-width: var(--max-row-size-padding-small) !important;\">\n<div style=\"width: 1400px; margin-left: auto; margin-right: auto; background-color: var(--background-body); max-width: var(--max-row-size-padding-small);\">\n<div style=\"background-color: transparent; display: flex; flex-wrap: wrap; position: relative; align-content: center; -webkit-box-align: center; align-items: center;\">\n<div style=\"z-index: 2; min-width: 100%; display: flex; flex-wrap: nowrap;\">\n<div style=\"z-index: 2; min-width: 100%;\">\n<h3 style=\"font-style: normal; font-weight: 400; font-size: 30px; margin-bottom: 0px; color: inherit; font-family: var(--font-family-title); position: relative; z-index: 2; min-width: 100%; line-height: 45px; min-height: 45px;\">Collecte et utilisation des donn\u00e9es \u00e0 caract\u00e8re personnel<\/h3>\n<p style=\"font-style: normal; font-weight: 400; margin-bottom: 0px; line-height: 24px; color: inherit; z-index: 4; font-size: 16px; position: relative; min-width: 100%; width: 1400px; min-height: 24px;\">\n<\/p><p style=\"margin-bottom: 0px; line-height: 24px; color: inherit; z-index: 2; width: 1400px; font-size: 16px; min-height: 24px; text-align: justify;\">La collecte des donn\u00e9es \u00e0 caract\u00e8re personnel pour les prestations propos\u00e9es par le site diagzone<\/p>\n<p style=\"margin-bottom: 0px; line-height: 24px; color: inherit; z-index: 2; width: 1400px; font-size: 16px; min-height: 24px; text-align: justify;\"><b style=\"font-style: italic;\">&nbsp;<\/b>ainsi que leur traitement sont effectu\u00e9s dans le respect de la loi \u00ab Informatique, Fichiers et Libert\u00e9s \u00bb&nbsp;<\/p>\n<p style=\"margin-bottom: 0px; line-height: 24px; color: inherit; z-index: 2; width: 1400px; font-size: 16px; min-height: 24px; text-align: justify;\">du 6 janvier 1978&nbsp;<span style=\"color: inherit; font-size: 16px; background-color: transparent;\">modifi\u00e9e et ses d\u00e9crets d\u2019application.<\/span><\/p>\n<p style=\"font-style: normal; font-weight: 400; margin-bottom: 0px; line-height: 24px; color: inherit; z-index: 2; width: 1400px; font-size: 16px; min-height: 24px; text-align: justify;\">\n<\/p><p style=\"margin-bottom: 0px; line-height: 24px; color: inherit; z-index: 2; width: 1400px; font-size: 16px; min-height: 24px; text-align: justify;\">La collecte des donn\u00e9es \u00e0 caract\u00e8re personnel concernant les utilisateurs du site&nbsp;<span style=\"line-height: 1.42; z-index: 2;\"><span style=\"line-height: 1.42; z-index: 2;\">diagzone<b style=\"font-style: italic;\">&nbsp;<\/b><\/span><\/span>a pour finalit\u00e9s principales l\u2019identification<\/p>\n<p style=\"margin-bottom: 0px; line-height: 24px; color: inherit; z-index: 2; width: 1400px; font-size: 16px; min-height: 24px; text-align: justify;\">&nbsp;des utilisateurs pour la fourniture des services et prestations propos\u00e9s sur le site.<\/p>\n<p style=\"font-style: normal; font-weight: 400; margin-bottom: 0px; line-height: 24px; color: inherit; z-index: 2; width: 1400px; font-size: 16px; min-height: 24px; text-align: justify;\">\n<\/p><p style=\"font-style: normal; font-weight: 400; margin-bottom: 0px; line-height: 24px; color: inherit; z-index: 2; width: 1400px; font-size: 16px; min-height: 24px; text-align: justify;\">Les donn\u00e9es r\u00e9colt\u00e9es ne sont jamais transmis \u00e0 des tiers sauf si le client a donn\u00e9 son consentement pr\u00e9alable&nbsp;<\/p>\n<p style=\"font-style: normal; font-weight: 400; margin-bottom: 0px; line-height: 24px; color: inherit; z-index: 2; width: 1400px; font-size: 16px; min-height: 24px; text-align: justify;\">et ce sous r\u00e9serve que les tiers se soient clairement engag\u00e9s \u00e0 respecter toutes les dispositions de la Loi du 6 janvier 1978 modifi\u00e9e.<\/p>\n<p style=\"font-style: normal; font-weight: 400; margin-bottom: 0px; line-height: 24px; color: inherit; z-index: 2; width: 1400px; font-size: 16px; min-height: 24px; text-align: justify;\">\n<\/p><p style=\"font-style: normal; font-weight: 400; margin-bottom: 0px; line-height: 24px; color: inherit; z-index: 2; width: 1400px; font-size: 16px; min-height: 24px; text-align: justify;\">En application de la loi, toute personne ayant transmis des donn\u00e9es \u00e0 caract\u00e8re personnel dispose d\u2019un droit d\u2019acc\u00e8s,<\/p>\n<p style=\"font-style: normal; font-weight: 400; margin-bottom: 0px; line-height: 24px; color: inherit; z-index: 2; width: 1400px; font-size: 16px; min-height: 24px; text-align: justify;\">&nbsp;de rectification et de suppression des donn\u00e9es ainsi que d\u2019un droit d\u2019opposition au traitement des donn\u00e9es<\/p>\n<p style=\"font-style: normal; font-weight: 400; margin-bottom: 0px; line-height: 24px; color: inherit; z-index: 2; width: 1400px; font-size: 16px; min-height: 24px; text-align: justify;\">&nbsp;\u00e0 caract\u00e8re personnel la concernant.<\/p>\n<p style=\"margin-bottom: 0px; line-height: 24px; color: inherit; z-index: 2; width: 1400px; font-size: 16px; min-height: 24px; text-align: justify;\">A tout moment, vous pouvez demander \u00e0 exercer ce droit en contactant<span style=\"line-height: 1.42; z-index: 2;\"><span style=\"line-height: 1.42; z-index: 2;\"><span style=\"font-style: normal; font-weight: bold;\">&nbsp;<\/span>diagzzone<\/span><\/span>.<\/p>\n<p style=\"font-style: normal; font-weight: 400; margin-bottom: 0px; line-height: 24px; color: inherit; z-index: 2; width: 1400px; font-size: 16px; min-height: 24px; text-align: justify;\">\n<\/p><p style=\"margin-bottom: 0px; line-height: 24px; color: inherit; z-index: 2; width: 1400px; font-size: 16px; min-height: 24px; text-align: justify;\">Les visiteurs du site sont inform\u00e9s que pour les besoins de la navigation sur le site&nbsp;<span style=\"line-height: 1.42; z-index: 2;\"><span style=\"line-height: 1.42; z-index: 2;\">diagzone<\/span><\/span>,&nbsp;<\/p>\n<p style=\"margin-bottom: 0px; line-height: 24px; color: inherit; z-index: 2; width: 1400px; font-size: 16px; min-height: 24px; text-align: justify;\"><span style=\"line-height: 1.42; z-index: 2;\"><span style=\"line-height: 1.42; z-index: 2;\">diagzone<b style=\"font-style: italic;\">&nbsp;<\/b><\/span><\/span>peut avoir recours \u00e0 la collecte automatique de certaines informations relatives aux utilisateurs \u00e0 l&rsquo;aide des cookies.<\/p>\n<p style=\"margin-bottom: 0px; line-height: 24px; color: inherit; z-index: 2; width: 1400px; font-size: 16px; min-height: 24px; text-align: justify;\">&nbsp;Si l&rsquo;utilisateur du site ne souhaite pas l\u2019utilisation de cookies par diagzone&nbsp;il peut refuser l\u2019activation des cookies&nbsp;<\/p>\n<p style=\"margin-bottom: 0px; line-height: 24px; color: inherit; z-index: 2; width: 1400px; font-size: 16px; min-height: 24px; text-align: justify;\">par le biais des options propos\u00e9s par son navigateur internet.&nbsp;<\/p>\n<p style=\"margin-bottom: 0px; line-height: 24px; color: inherit; z-index: 2; width: 1400px; font-size: 16px; min-height: 24px; text-align: justify;\">Pour des raisons techniques, si l&rsquo;utilisateur d\u00e9sactive les cookies dans son navigateur,&nbsp;<\/p>\n<p style=\"margin-bottom: 0px; line-height: 24px; color: inherit; z-index: 2; width: 1400px; font-size: 16px; min-height: 24px; text-align: justify;\">certaines prestations propos\u00e9es sur le site&nbsp;pourront ne pas lui \u00eatre accessibles.<\/p>\n<p style=\"font-style: normal; font-weight: 400; margin-bottom: 0px; line-height: 24px; color: inherit; z-index: 2; width: 1400px; font-size: 16px; min-height: 24px; text-align: justify;\"><span style=\"font-size: 16px; color: inherit; background-color: transparent;\">La derni\u00e8re mise \u00e0 jour de ces mentions l\u00e9gales, politique de confidentialit\u00e9 et conditions d&rsquo;utilisation sont en date du 25\/01\/2024.<\/span><\/p>\n<p style=\"font-style: normal; font-weight: 400; margin-bottom: 0px; line-height: 24px; color: inherit; z-index: 2; width: 1400px; font-size: 16px; min-height: 24px; text-align: justify;\"><span style=\"font-weight: 600; line-height: 1.42; z-index: 2;\">&nbsp;<\/span><\/p>\n<\/div>\n<\/div>\n<\/div>\n<\/div>\n<\/div>\t\t\t\t\t\t<\/div>\n\t\t\t\t<\/div>\n\t\t\t\t\t<\/div>\n\t\t<\/div>\n\t\t\t\t\t\t\t<\/div>\n\t\t<\/section>\n\t\t\t\t\t\t\t<\/div>","protected":false},"excerpt":{"rendered":"<p>Mentions L\u00e9gales Identification et publication Editeur Ce site est publi\u00e9 par &nbsp;diagzone,&nbsp;immatricul\u00e9e au&nbsp;Registre du Commerce et des Soci\u00e9t\u00e9s de lille&nbsp;sous le num\u00e9ro&nbsp;siren&nbsp;921109666&nbsp; dont le si\u00e8ge social est situ\u00e9&nbsp;\u00e0 Lille- France. si besoin&nbsp; contactez-nous par mail :&nbsp;diagzone@diagzone.fr Contact t\u00e9l\u00e9phonique : 0745295944 H\u00e9bergeur L&rsquo;h\u00e9bergement de ce site est assur\u00e9 par la soci\u00e9t\u00e9 10web&nbsp;sp\u00e9cialiste du e-commerce. La r\u00e9alisation [&hellip;]<\/p>","protected":false},"author":2,"featured_media":0,"parent":0,"menu_order":0,"comment_status":"closed","ping_status":"closed","template":"","meta":{"two_page_speed":[],"footnotes":""},"class_list":["post-1303","page","type-page","status-publish","hentry","entry","owp-thumbs-layout-horizontal","owp-btn-normal","owp-tabs-layout-horizontal","has-no-thumbnails","has-product-nav","circle-sale"],"_links":{"self":[{"href":"https:\/\/diagzone.fr\/en\/wp-json\/wp\/v2\/pages\/1303","targetHints":{"allow":["GET"]}}],"collection":[{"href":"https:\/\/diagzone.fr\/en\/wp-json\/wp\/v2\/pages"}],"about":[{"href":"https:\/\/diagzone.fr\/en\/wp-json\/wp\/v2\/types\/page"}],"author":[{"embeddable":true,"href":"https:\/\/diagzone.fr\/en\/wp-json\/wp\/v2\/users\/2"}],"replies":[{"embeddable":true,"href":"https:\/\/diagzone.fr\/en\/wp-json\/wp\/v2\/comments?post=1303"}],"version-history":[{"count":0,"href":"https:\/\/diagzone.fr\/en\/wp-json\/wp\/v2\/pages\/1303\/revisions"}],"wp:attachment":[{"href":"https:\/\/diagzone.fr\/en\/wp-json\/wp\/v2\/media?parent=1303"}],"curies":[{"name":"wp","href":"https:\/\/api.w.org\/{rel}","templated":true}]}}