{"id":223,"date":"2023-07-03T19:02:41","date_gmt":"2023-07-03T19:02:41","guid":{"rendered":"https:\/\/diagzone.fr\/page-daccueil\/"},"modified":"2025-01-19T00:21:14","modified_gmt":"2025-01-19T00:21:14","slug":"page-accueil","status":"publish","type":"page","link":"https:\/\/diagzone.fr\/en\/page-accueil\/","title":{"rendered":"Page d\u2019accueil"},"content":{"rendered":"<div data-elementor-type=\"wp-page\" data-elementor-id=\"223\" class=\"elementor elementor-223\">\n\t\t\t\t\t\t\t\t\t<section class=\"elementor-section elementor-top-section elementor-element elementor-element-88db02d elementor-section-boxed elementor-section-height-default elementor-section-height-default\" data-id=\"88db02d\" data-element_type=\"section\">\n\t\t\t\t\t\t<div class=\"elementor-container elementor-column-gap-default\">\n\t\t\t\t\t<div class=\"elementor-column elementor-col-100 elementor-top-column elementor-element elementor-element-7d5d623\" data-id=\"7d5d623\" data-element_type=\"column\">\n\t\t\t<div class=\"elementor-widget-wrap elementor-element-populated\">\n\t\t\t\t\t\t\t\t<div class=\"elementor-element elementor-element-f4ba9ee twbb-slider-inner-position-inside twbb-speed-linear-no elementor--h-position-center elementor--v-position-middle elementor-arrows-position-inside elementor-pagination-position-inside elementor-widget elementor-widget-twbb_slides\" data-id=\"f4ba9ee\" data-element_type=\"widget\" data-settings=\"{&quot;autoplay_speed&quot;:10000,&quot;transition_speed&quot;:2000,&quot;navigation&quot;:&quot;both&quot;,&quot;autoplay&quot;:&quot;yes&quot;,&quot;pause_on_hover&quot;:&quot;yes&quot;,&quot;pause_on_interaction&quot;:&quot;yes&quot;,&quot;infinite&quot;:&quot;yes&quot;,&quot;speed_liner&quot;:&quot;no&quot;,&quot;transition&quot;:&quot;slide&quot;,&quot;space_between&quot;:{&quot;unit&quot;:&quot;px&quot;,&quot;size&quot;:10,&quot;sizes&quot;:[]},&quot;space_between_tablet&quot;:{&quot;unit&quot;:&quot;px&quot;,&quot;size&quot;:10,&quot;sizes&quot;:[]},&quot;space_between_mobile&quot;:{&quot;unit&quot;:&quot;px&quot;,&quot;size&quot;:10,&quot;sizes&quot;:[]}}\" data-widget_type=\"twbb_slides.default\">\n\t\t\t\t<div class=\"elementor-widget-container\">\n\t\t\t\t\t<div class=\"elementor-swiper\">\n\t\t\t<div class=\"twbb_slides-wrapper elementor-main-swiper swiper\" dir=\"ltr\" data-animation=\"fadeInUp\">\n\t\t\t\t<div class=\"swiper-wrapper twbb_slides-widget\">\n                                        <div class=\"elementor-repeater-item-47eb109 swiper-slide\"><div class=\"swiper-slide-bg elementor-ken-burns elementor-ken-burns--in\"><\/div><div class=\"elementor-background-overlay\"><\/div><a class=\"swiper-slide-inner\" href=\"https:\/\/diagzone.fr\/en\/\"><div class=\"swiper-slide-contents\"><div class=\"elementor-slide-heading\">DIAGZONE<\/div><div class=\"elementor-slide-description\">Vente et distribution de mat\u00e9riels de diagnostiques, accessoires automobiles et traitement de  fichiers (dump, ECU, Calculateurs, DTC)<\/div><div  class=\"elementor-button elementor-slide-button elementor-size-sm\">voir les produits<\/div><\/div><\/a><\/div><div class=\"elementor-repeater-item-c11de10 swiper-slide\"><div class=\"swiper-slide-bg elementor-ken-burns elementor-ken-burns--in\"><\/div><div class=\"elementor-background-overlay\"><\/div><a class=\"swiper-slide-inner\" href=\"https:\/\/diagzone.fr\/en\/presentation-diagzone\/\"><div class=\"swiper-slide-contents\"><div class=\"elementor-slide-heading\">pourquoi diagzone.fr ?<\/div><div class=\"elementor-slide-description\">-<\/div><div  class=\"elementor-button elementor-slide-button elementor-size-sm\">cliquez ici<\/div><\/div><\/a><\/div>\t\t\t\t<\/div>\n\t\t\t\t\t\t\t\t\t\t\t\t\t\t\t<div class=\"swiper-pagination\"><\/div>\n\t\t\t\t\t\t\t\t\t\t\t\t\t\t\t\t<div class=\"elementor-swiper-button elementor-swiper-button-prev\">\n\t\t\t\t\t\t\t<i class=\"eicon-chevron-left\" aria-hidden=\"true\"><\/i>\n\t\t\t\t\t\t\t<span class=\"elementor-screen-only\">Previous<\/span>\n\t\t\t\t\t\t<\/div>\n\t\t\t\t\t\t<div class=\"elementor-swiper-button elementor-swiper-button-next\">\n\t\t\t\t\t\t\t<i class=\"eicon-chevron-right\" aria-hidden=\"true\"><\/i>\n\t\t\t\t\t\t\t<span class=\"elementor-screen-only\">Next<\/span>\n\t\t\t\t\t\t<\/div>\n\t\t\t\t\t\t\t\t\t\t\t\t<\/div>\n\t\t<\/div>\n\t\t\t\t<\/div>\n\t\t\t\t<\/div>\n\t\t\t\t<div class=\"elementor-element elementor-element-6d0c530 tenweb-flip-box--direction-down elementor-widget__width-initial tenweb-flip-box--effect-flip tenweb-flip-box--3d tenweb-flip-box__front-align-center tenweb-flip-box__back-align-center elementor-invisible elementor-widget elementor-widget-twbb-flip-box\" data-id=\"6d0c530\" data-element_type=\"widget\" data-settings=\"{&quot;_animation&quot;:&quot;zoomIn&quot;}\" data-widget_type=\"twbb-flip-box.default\">\n\t\t\t\t<div class=\"elementor-widget-container\">\n\t\t\t    <div class=\"tenweb-flip-box\">\n      <div class=\"tenweb-flip-box__layer tenweb-flip-box__front\">\n        <div class=\"tenweb-flip-box__layer__overlay\">\n          <div class=\"tenweb-flip-box__layer__inner\">\n                                <div class=\"elementor-icon-wrapper elementor-view-default\">\n                      <div class=\"elementor-icon tenweb-icon\">\n                          <i class=\"fas fa-star\"><\/i>                      <\/div>\n                  <\/div>\n                            <h3 class=\"tenweb-flip-box__layer__title\">\n                Diagzone              <\/h3>\n                          <div class=\"tenweb-flip-box__layer__description\">\n                est une valise de diagnostic pour vehicules  automobiles et poids lourds ayant des fonctionalit\u00e9s \u00e9quivalentes \u00e0 des  produits  dont le prix s'\u00e9l\u00e8ve \u00e0 plusieurs milliers d'euros donc ..........              <\/div>\n                      <\/div>\n        <\/div>\n      <\/div>\n        <div class=\"tenweb-flip-box__layer tenweb-flip-box__back\">\n        <div class=\"tenweb-flip-box__layer__overlay\">\n          <div class=\"tenweb-flip-box__layer__inner\">\n                          <h3 class=\"tenweb-flip-box__layer__title\">\n                NE vous ruinez plus !!!!              <\/h3>\n                        <a class=\"tenweb-flip-box__button elementor-button tenweb-button elementor-size-xs\" href=\"\/en\/\">\n              cliquez ici pour voir le produit diagzone            <\/a>\n                    <\/div>\n      <\/div>\n      <\/div>\n    <\/div>\n    \t\t<\/div>\n\t\t\t\t<\/div>\n\t\t\t\t<div class=\"elementor-element elementor-element-d512f38 elementor-skin-coverflow elementor-widget__width-initial elementor-arrows-yes elementor-pagination-type-bullets elementor-pagination-position-outside elementor-widget elementor-widget-twbb_media-carousel\" data-id=\"d512f38\" data-element_type=\"widget\" data-settings=\"{&quot;skin&quot;:&quot;coverflow&quot;,&quot;slides_per_view&quot;:&quot;4&quot;,&quot;show_arrows&quot;:&quot;yes&quot;,&quot;pagination&quot;:&quot;bullets&quot;,&quot;speed&quot;:500,&quot;autoplay&quot;:&quot;yes&quot;,&quot;autoplay_speed&quot;:5000,&quot;loop&quot;:&quot;yes&quot;,&quot;pause_on_interaction&quot;:&quot;yes&quot;,&quot;space_between&quot;:{&quot;unit&quot;:&quot;px&quot;,&quot;size&quot;:10,&quot;sizes&quot;:[]},&quot;space_between_tablet&quot;:{&quot;unit&quot;:&quot;px&quot;,&quot;size&quot;:10,&quot;sizes&quot;:[]},&quot;space_between_mobile&quot;:{&quot;unit&quot;:&quot;px&quot;,&quot;size&quot;:10,&quot;sizes&quot;:[]}}\" data-widget_type=\"twbb_media-carousel.default\">\n\t\t\t\t<div class=\"elementor-widget-container\">\n\t\t\t\t\t<div class=\"elementor-swiper\">\n      <div class=\"tenweb-media-carousel-swiper swiper\">\n\t\t\t\t<div class=\"swiper-wrapper\">\n\t\t\t\t\t\t\t\t\t\t\t<div class=\"swiper-slide\">\n\t\t\t\t\t\t\t\t\t<div class=\"elementor-carousel-image\" style=\"background-image: url(&quot;https:\/\/diagzone.fr\/wp-content\/uploads\/2023\/07\/cropped-cropped-image-dz-5-1-1-1.jpg&quot;)\">\n\t\t\t\t\t<\/div>\n\t\t\t\t\t\t\t\t<\/div>\n\t\t\t\t\t\t\t\t\t\t\t<div class=\"swiper-slide\">\n\t\t\t\t\t\t\t\t\t<div class=\"elementor-carousel-image\" style=\"background-image: url(&quot;https:\/\/diagzone.fr\/wp-content\/uploads\/2023\/09\/smartlink-3.jpg&quot;)\">\n\t\t\t\t\t<\/div>\n\t\t\t\t\t\t\t\t<\/div>\n\t\t\t\t\t\t\t\t\t\t\t<div class=\"swiper-slide\">\n\t\t\t\t\t\t\t\t\t<div class=\"elementor-carousel-image\" style=\"background-image: url(&quot;https:\/\/diagzone.fr\/wp-content\/uploads\/2023\/11\/3.jpg&quot;)\">\n\t\t\t\t\t<\/div>\n\t\t\t\t\t\t\t\t<\/div>\n\t\t\t\t\t\t\t\t\t\t\t<div class=\"swiper-slide\">\n\t\t\t\t\t\t\t\t\t<div class=\"elementor-carousel-image\" style=\"background-image: url(&quot;https:\/\/diagzone.fr\/wp-content\/uploads\/2023\/09\/image-3-1.jpg&quot;)\">\n\t\t\t\t\t<\/div>\n\t\t\t\t\t\t\t\t<\/div>\n\t\t\t\t\t\t\t\t\t\t\t<div class=\"swiper-slide\">\n\t\t\t\t\t\t\t\t\t<div class=\"elementor-carousel-image\" style=\"background-image: url(&quot;https:\/\/diagzone.fr\/wp-content\/uploads\/2023\/11\/2.jpg&quot;)\">\n\t\t\t\t\t<\/div>\n\t\t\t\t\t\t\t\t<\/div>\n\t\t\t\t\t\t\t\t\t\t\t<div class=\"swiper-slide\">\n\t\t\t\t\t\t\t\t\t<div class=\"elementor-carousel-image\" style=\"background-image: url(&quot;https:\/\/diagzone.fr\/wp-content\/uploads\/2023\/07\/diagzone-2-an.jpg&quot;)\">\n\t\t\t\t\t<\/div>\n\t\t\t\t\t\t\t\t<\/div>\n\t\t\t\t\t\t\t\t\t\t\t<div class=\"swiper-slide\">\n\t\t\t\t\t\t\t\t\t<div class=\"elementor-carousel-image\" style=\"background-image: url(&quot;https:\/\/diagzone.fr\/wp-content\/uploads\/2023\/09\/image-2-1.jpg&quot;)\">\n\t\t\t\t\t<\/div>\n\t\t\t\t\t\t\t\t<\/div>\n\t\t\t\t\t\t\t\t\t\t\t<div class=\"swiper-slide\">\n\t\t\t\t\t\t\t\t\t<div class=\"elementor-carousel-image\" style=\"background-image: url(&quot;https:\/\/diagzone.fr\/wp-content\/uploads\/2023\/09\/valise-multimarques-auto-293x300-1.jpg&quot;)\">\n\t\t\t\t\t<\/div>\n\t\t\t\t\t\t\t\t<\/div>\n\t\t\t\t\t\t\t\t\t\t\t<div class=\"swiper-slide\">\n\t\t\t\t\t\t\t\t\t<div class=\"elementor-carousel-image\" style=\"background-image: url(&quot;https:\/\/diagzone.fr\/wp-content\/uploads\/2023\/09\/ef.jpg&quot;)\">\n\t\t\t\t\t<\/div>\n\t\t\t\t\t\t\t\t<\/div>\n\t\t\t\t\t\t\t\t\t\t\t<div class=\"swiper-slide\">\n\t\t\t\t\t\t\t\t\t<div class=\"elementor-carousel-image\" style=\"background-image: url(&quot;https:\/\/diagzone.fr\/wp-content\/uploads\/2023\/09\/image-1.jpg&quot;)\">\n\t\t\t\t\t<\/div>\n\t\t\t\t\t\t\t\t<\/div>\n\t\t\t\t\t\t\t\t\t\t\t<div class=\"swiper-slide\">\n\t\t\t\t\t\t\t\t\t<div class=\"elementor-carousel-image\" style=\"background-image: url(&quot;https:\/\/diagzone.fr\/wp-content\/uploads\/2023\/07\/valise-diagnostic-auto-poids-lourd.jpg&quot;)\">\n\t\t\t\t\t<\/div>\n\t\t\t\t\t\t\t\t<\/div>\n\t\t\t\t\t\t\t\t\t\t\t<div class=\"swiper-slide\">\n\t\t\t\t\t\t\t\t\t<div class=\"elementor-carousel-image\" style=\"background-image: url(&quot;https:\/\/diagzone.fr\/wp-content\/uploads\/2023\/07\/fonctions-speciales.jpg&quot;)\">\n\t\t\t\t\t<\/div>\n\t\t\t\t\t\t\t\t<\/div>\n\t\t\t\t\t\t\t\t\t\t\t<div class=\"swiper-slide\">\n\t\t\t\t\t\t\t\t\t<div class=\"elementor-carousel-image\" style=\"background-image: url(&quot;https:\/\/diagzone.fr\/wp-content\/uploads\/2024\/03\/licence-diagzone-e1737244087548.jpg&quot;)\">\n\t\t\t\t\t<\/div>\n\t\t\t\t\t\t\t\t<\/div>\n\t\t\t\t\t\t\t\t\t\t\t<div class=\"swiper-slide\">\n\t\t\t\t\t\t\t\t\t<div class=\"elementor-carousel-image\" style=\"background-image: url(&quot;https:\/\/diagzone.fr\/wp-content\/uploads\/2024\/05\/valise-diagnostic-pro-2-.jpg&quot;)\">\n\t\t\t\t\t<\/div>\n\t\t\t\t\t\t\t\t<\/div>\n\t\t\t\t\t\t\t\t\t\t\t<div class=\"swiper-slide\">\n\t\t\t\t\t\t\t\t\t<div class=\"elementor-carousel-image\" style=\"background-image: url(&quot;https:\/\/diagzone.fr\/wp-content\/uploads\/2023\/06\/diagzone-thinkdiag2-e1737243333715.jpg&quot;)\">\n\t\t\t\t\t<\/div>\n\t\t\t\t\t\t\t\t<\/div>\n\t\t\t\t\t\t\t\t\t\t\t<div class=\"swiper-slide\">\n\t\t\t\t\t\t\t\t\t<div class=\"elementor-carousel-image\" style=\"background-image: url(&quot;https:\/\/diagzone.fr\/wp-content\/uploads\/2023\/09\/smartlink-1.jpg&quot;)\">\n\t\t\t\t\t<\/div>\n\t\t\t\t\t\t\t\t<\/div>\n\t\t\t\t\t\t\t\t\t\t\t<div class=\"swiper-slide\">\n\t\t\t\t\t\t\t\t\t<div class=\"elementor-carousel-image\" style=\"background-image: url(&quot;https:\/\/diagzone.fr\/wp-content\/uploads\/2024\/12\/20241225_115816-scaled.jpg&quot;)\">\n\t\t\t\t\t<\/div>\n\t\t\t\t\t\t\t\t<\/div>\n\t\t\t\t\t\t\t\t\t<\/div>\n\t\t\t\t\t\t\t\t\t\t\t\t\t\t\t<div class=\"swiper-pagination\"><\/div>\n\t\t\t\t\t\t\t\t\t\t\t\t\t\t\t\t<div class=\"elementor-swiper-button elementor-swiper-button-prev\">\n\t\t\t\t\t\t\t<i class=\"eicon-chevron-left\" aria-hidden=\"true\"><\/i>\n\t\t\t\t\t\t\t<span class=\"elementor-screen-only\">Previous<\/span>\n\t\t\t\t\t\t<\/div>\n\t\t\t\t\t\t<div class=\"elementor-swiper-button elementor-swiper-button-next\">\n\t\t\t\t\t\t\t<i class=\"eicon-chevron-right\" aria-hidden=\"true\"><\/i>\n\t\t\t\t\t\t\t<span class=\"elementor-screen-only\">Next<\/span>\n\t\t\t\t\t\t<\/div>\n\t\t\t\t\t\t\t\t\t\t\t\t<\/div>\n\t\t<\/div>\n\t\t\n\t\t\t\t<\/div>\n\t\t\t\t<\/div>\n\t\t\t\t\t<\/div>\n\t\t<\/div>\n\t\t\t\t\t\t\t<\/div>\n\t\t<\/section>\n\t\t\t\t\t\t\t<\/div>","protected":false},"excerpt":{"rendered":"<p>DIAGZONEVente et distribution de mat\u00e9riels de diagnostiques, accessoires automobiles et traitement de fichiers (dump, ECU, Calculateurs, DTC)voir les produitspourquoi diagzone.fr ?-cliquez ici Pr\u00e9c\u00e9dent Suivant Diagzone est une valise de diagnostic pour vehicules automobiles et poids lourds ayant des fonctionalit\u00e9s \u00e9quivalentes \u00e0 des produits dont le prix s&rsquo;\u00e9l\u00e8ve \u00e0 plusieurs milliers d&rsquo;euros donc &#8230;&#8230;&#8230;. NE vous [&hellip;]<\/p>","protected":false},"author":2,"featured_media":0,"parent":0,"menu_order":0,"comment_status":"closed","ping_status":"closed","template":"","meta":{"two_page_speed":[],"footnotes":""},"class_list":["post-223","page","type-page","status-publish","hentry","entry","owp-thumbs-layout-horizontal","owp-btn-normal","owp-tabs-layout-horizontal","has-no-thumbnails","has-product-nav","circle-sale"],"_links":{"self":[{"href":"https:\/\/diagzone.fr\/en\/wp-json\/wp\/v2\/pages\/223","targetHints":{"allow":["GET"]}}],"collection":[{"href":"https:\/\/diagzone.fr\/en\/wp-json\/wp\/v2\/pages"}],"about":[{"href":"https:\/\/diagzone.fr\/en\/wp-json\/wp\/v2\/types\/page"}],"author":[{"embeddable":true,"href":"https:\/\/diagzone.fr\/en\/wp-json\/wp\/v2\/users\/2"}],"replies":[{"embeddable":true,"href":"https:\/\/diagzone.fr\/en\/wp-json\/wp\/v2\/comments?post=223"}],"version-history":[{"count":0,"href":"https:\/\/diagzone.fr\/en\/wp-json\/wp\/v2\/pages\/223\/revisions"}],"wp:attachment":[{"href":"https:\/\/diagzone.fr\/en\/wp-json\/wp\/v2\/media?parent=223"}],"curies":[{"name":"wp","href":"https:\/\/api.w.org\/{rel}","templated":true}]}}