{"id":404,"date":"2023-07-10T14:59:18","date_gmt":"2023-07-10T14:59:18","guid":{"rendered":"https:\/\/diagzone.fr\/?page_id=404"},"modified":"2024-12-26T20:21:58","modified_gmt":"2024-12-26T20:21:58","slug":"presentation-diagzone","status":"publish","type":"page","link":"https:\/\/diagzone.fr\/en\/presentation-diagzone\/","title":{"rendered":"presentation de diagzone.fr"},"content":{"rendered":"<div data-elementor-type=\"wp-page\" data-elementor-id=\"404\" class=\"elementor elementor-404\">\n\t\t\t\t\t\t\t\t\t<section class=\"elementor-section elementor-top-section elementor-element elementor-element-12ebc9f elementor-section-boxed elementor-section-height-default elementor-section-height-default\" data-id=\"12ebc9f\" data-element_type=\"section\" data-settings=\"{&quot;background_background&quot;:&quot;slideshow&quot;,&quot;background_slideshow_gallery&quot;:[],&quot;background_slideshow_loop&quot;:&quot;yes&quot;,&quot;background_slideshow_slide_duration&quot;:5000,&quot;background_slideshow_slide_transition&quot;:&quot;fade&quot;,&quot;background_slideshow_transition_duration&quot;:500}\">\n\t\t\t\t\t\t<div class=\"elementor-container elementor-column-gap-default\">\n\t\t\t\t\t<div class=\"elementor-column elementor-col-100 elementor-top-column elementor-element elementor-element-4d8bf95\" data-id=\"4d8bf95\" data-element_type=\"column\">\n\t\t\t<div class=\"elementor-widget-wrap elementor-element-populated\">\n\t\t\t\t\t\t\t\t<div class=\"elementor-element elementor-element-98e65ea elementor-widget elementor-widget-wp-widget-text\" data-id=\"98e65ea\" data-element_type=\"widget\" data-widget_type=\"wp-widget-text.default\">\n\t\t\t\t<div class=\"elementor-widget-container\">\n\t\t\t\t\t\t<div class=\"textwidget\"><p><span style=\"font-size: medium\"><b>Qu\u2019est-ce que Diagzone\u00a0?<\/b><\/span><\/p>\n<p><span style=\"font-size: medium\">DiagZone se distingue comme l\u2019outil de diagnostique incontournable pour les m\u00e9caniciens, les propri\u00e9taires de flottes de v\u00e9hicules et les amateurs qui exigent des performances sup\u00e9rieures et une fiabilit\u00e9 exceptionnelle.<\/span><\/p>\n<p><span style=\"font-size: medium\">cette valise multimarques poss\u00e8de des fonctionnalit\u00e9s tr\u00e8s compl\u00e8tes d\u00e9passant m\u00eame celle de certaines valises valant plusieurs milliers d\u2019euros.<\/span><\/p>\n<p><span style=\"font-size: medium\"><b>Qu\u2019est-ce qu\u2019il comprend\u00a0?<\/b><\/span><\/p>\n<p><span style=\"font-size: medium\">Il comprend <b>haynes pro <\/b>(d\u00e9sormais payant) qui est un logiciel de base de donn\u00e9es techniques constructeurs, les proc\u00e9dures techniques expliqu\u00e9es \u00e9tape par \u00e9tape, ainsi que les sch\u00e9mas de c\u00e2blage, les bar\u00e8mes de temps, couples de serrage et couvre l\u2019ensemble des v\u00e9hicules en circulation.<\/span><\/p>\n<p><span style=\"font-size: medium\">Haynes pro est un compl\u00e9ment indispensable pour les m\u00e9caniciens, <\/span><\/p>\n<p><span style=\"font-size: medium\">De plus DiagZone propose via une connexion internet sur votre smartphone ou tablette android d\u2019obtenir les images Google des pi\u00e8ces \u00e0 remplacer et les infos de votre code d\u00e9faut. Cela reste cependant facultatif, DiagZone fonctionne tr\u00e8s bien sans connexion internet.<\/span><\/p>\n<p><span style=\"font-size: medium\"><b>En quoi se distingue-il des autres \u00e9quipements de diagnostique\u00a0?<\/b><\/span><\/p>\n<p><span style=\"font-size: medium\"><u>Polyvalence<\/u><\/span><\/p>\n<p><span style=\"font-size: medium\">il traite aussi bien les v\u00e9hicules automobiles thermiques et \u00e9lectriques que les poids lourds.<\/span><\/p>\n<p><span style=\"font-size: medium\">Il est con\u00e7u pour r\u00e9pondre \u00e0 tous vos besoins de diagnostique.<\/span><\/p>\n<p><span style=\"font-size: medium\">Avec une large couverture de marques et de mod\u00e8les, cet outil puissant vous permet d&rsquo;identifier avec pr\u00e9cision les probl\u00e8mes de votre v\u00e9hicule, de lire les codes d&rsquo;erreur, d&rsquo;acc\u00e9der aux donn\u00e9es en temps r\u00e9el et bien plus encore.<\/span><\/p>\n<p><span style=\"font-size: medium\"><u>Rapport qualit\u00e9-prix <\/u><\/span><\/p>\n<p><span style=\"font-size: medium\">Il offre une qualit\u00e9 exceptionnelle \u00e0 un prix raisonnable <\/span><\/p>\n<p><span style=\"font-size: medium\">Ainsi, m\u00e9caniciens ind\u00e9pendants et petites entreprises peuvent donc b\u00e9n\u00e9ficier de fonctionnalit\u00e9s avanc\u00e9es sans se ruiner. <\/span><\/p>\n<p><span style=\"font-size: medium\"><u>Facilit\u00e9 d\u2019utilisation<\/u><\/span><\/p>\n<p><span style=\"font-size: medium\">Son interface intuitive et conviviale rend la navigation et l&rsquo;utilisation des fonctionnalit\u00e9s accessibles simples \u00e0 tous les utilisateurs, qu&rsquo;ils soient novices ou exp\u00e9riment\u00e9s. <\/span><\/p>\n<p><span style=\"font-size: medium\">Vous pouvez effectuer rapidement des diagnostiques pr\u00e9cis et prendre des d\u00e9cisions \u00e9clair\u00e9es pour r\u00e9parer les probl\u00e8mes de votre v\u00e9hicule, en minimisant ainsi les temps d&rsquo;immobilisation et en maximisant l&rsquo;efficacit\u00e9 de votre travail.<\/span><\/p>\n<p><span style=\"font-size: medium\"><u>Durabilit\u00e9 et fiabilit\u00e9<\/u><\/span><\/p>\n<p><span style=\"font-size: medium\">Construit pour r\u00e9sister aux environnements de travail les plus exigeants, cet outil est con\u00e7u pour durer. <\/span><\/p>\n<p><span style=\"font-size: medium\">Contrairement \u00e0 certains bo\u00eetiers OBD2 qui ne fonctionnent pas le moteur en marche, DiagZone lui, permet de r\u00e9cup\u00e9rer de nombreuses donn\u00e9es capteurs en temps r\u00e9el et d\u2019agir sur des actionneurs.<\/span><\/p>\n<p><span style=\"font-size: medium\"><b>Quelle est la diff\u00e9rence entre E-diag et Diagzone\u00a0?<\/b><\/span><\/p>\n<p><span style=\"font-size: medium\">Avec une licence renouvelable tous les ans, E-diag poss\u00e8de des fonctionnalit\u00e9s professionnelles largement suffisante pour les amateurs de diagnostiques automobiles. Vous \u00eates dans l\u2019obligation de renouveler la licence afin de b\u00e9n\u00e9ficier de son utilisation.<\/span><\/p>\n<p><span style=\"font-size: medium\"><b>Diag<\/b><b>z<\/b><b>one <\/b>a une licence qui expire tout les 2 ans. <b>Mais son grand avantage est qu\u2019il<\/b><\/span><\/p>\n<p><span style=\"font-size: medium\"><b>n\u2019est pas n\u00e9cessaire de renouveler la licence pour pouvoir l\u2019utiliser.<\/b><\/span><\/p>\n<p><span style=\"font-size: medium\">Vous pourrez donc continuer \u00e0 faire les diagnostiques mais uniquement avec les derni\u00e8res mises \u00e0 jour effectu\u00e9es avant l\u2019expiration de la licence.<\/span><\/p>\n<p><span style=\"font-size: medium\"><b>De plus Diagzone comprend les v\u00e9hicules VL ( thermiques et \u00e9lectriques) et PL(MAN DAF Iveco\u00a0\u2026&#8230;)<\/b><\/span><\/p>\n<p><span style=\"color: #ff0000\"><span style=\"font-size: medium\"><u><b>Mise en garde\u00a0:<\/b><\/u><\/span><\/span><\/p>\n<p><span style=\"color: #ff0000\"><span style=\"font-size: medium\"><i><b>DiagZone permet d\u2019effectuer du codage dans les calculateurs et donc de modifier les param\u00e8tres du v\u00e9hicule, il en va clairement de votre responsabilit\u00e9. <\/b><\/i><\/span><\/span><\/p>\n<p><span style=\"font-size: medium\">Nous assurons une livraison gratuite et vous trouverez l\u2019ensemble des informations sur notre site dans la cat\u00e9gorie support pour la mise en route du mat\u00e9riel.<\/span><\/p>\n<p><span style=\"font-size: medium\">N\u2019h\u00e9sitez pas \u00e0 consulter nos produits et accessoires. <\/span><\/p>\n<p><span style=\"font-size: medium\">Nous avons mis du temps \u00e0 nous entourer de professionnels s\u00e9rieux afin de garantir la satisfaction de nos clients <\/span><span style=\"font-size: medium\">aussi bien pour l&rsquo;achat du\u00a0 mat\u00e9riel de diagnostique que pour le SAV.<\/span><\/p>\n<p>Bonne visite !<\/p>\n<p>&nbsp;<\/p>\n<\/div>\n\t\t\t\t<\/div>\n\t\t\t\t<\/div>\n\t\t\t\t\t<\/div>\n\t\t<\/div>\n\t\t\t\t\t\t\t<\/div>\n\t\t<\/section>\n\t\t\t\t\t\t\t<\/div>","protected":false},"excerpt":{"rendered":"","protected":false},"author":2,"featured_media":0,"parent":0,"menu_order":0,"comment_status":"closed","ping_status":"closed","template":"","meta":{"two_page_speed":[],"footnotes":""},"class_list":["post-404","page","type-page","status-publish","hentry","entry","owp-thumbs-layout-horizontal","owp-btn-normal","owp-tabs-layout-horizontal","has-no-thumbnails","has-product-nav","circle-sale"],"_links":{"self":[{"href":"https:\/\/diagzone.fr\/en\/wp-json\/wp\/v2\/pages\/404","targetHints":{"allow":["GET"]}}],"collection":[{"href":"https:\/\/diagzone.fr\/en\/wp-json\/wp\/v2\/pages"}],"about":[{"href":"https:\/\/diagzone.fr\/en\/wp-json\/wp\/v2\/types\/page"}],"author":[{"embeddable":true,"href":"https:\/\/diagzone.fr\/en\/wp-json\/wp\/v2\/users\/2"}],"replies":[{"embeddable":true,"href":"https:\/\/diagzone.fr\/en\/wp-json\/wp\/v2\/comments?post=404"}],"version-history":[{"count":0,"href":"https:\/\/diagzone.fr\/en\/wp-json\/wp\/v2\/pages\/404\/revisions"}],"wp:attachment":[{"href":"https:\/\/diagzone.fr\/en\/wp-json\/wp\/v2\/media?parent=404"}],"curies":[{"name":"wp","href":"https:\/\/api.w.org\/{rel}","templated":true}]}}