{"id":1622,"date":"2024-05-25T21:48:30","date_gmt":"2024-05-25T21:48:30","guid":{"rendered":"https:\/\/diagzone.fr\/?post_type=product&#038;p=1622"},"modified":"2025-11-04T20:19:00","modified_gmt":"2025-11-04T20:19:00","slug":"pack-diagzone-pro-v2","status":"publish","type":"product","link":"https:\/\/diagzone.fr\/en\/valises\/pack-diagzone-pro-v2\/","title":{"rendered":"diagzone pro V2 FULL- pack complet"},"content":{"rendered":"<div data-elementor-type=\"wp-post\" data-elementor-id=\"1622\" class=\"elementor elementor-1622\">\n\t\t\t\t\t\t\t\t\t<section class=\"elementor-section elementor-top-section elementor-element elementor-element-9c89801 elementor-section-boxed elementor-section-height-default elementor-section-height-default\" data-id=\"9c89801\" data-element_type=\"section\">\n\t\t\t\t\t\t<div class=\"elementor-container elementor-column-gap-default\">\n\t\t\t\t\t<div class=\"elementor-column elementor-col-100 elementor-top-column elementor-element elementor-element-813608e\" data-id=\"813608e\" data-element_type=\"column\">\n\t\t\t<div class=\"elementor-widget-wrap elementor-element-populated\">\n\t\t\t\t\t\t\t\t<div class=\"elementor-element elementor-element-5b5f160 elementor-widget elementor-widget-text-editor\" data-id=\"5b5f160\" data-element_type=\"widget\" data-widget_type=\"text-editor.default\">\n\t\t\t\t<div class=\"elementor-widget-container\">\n\t\t\t\t\t\t\t<p><span style=\"text-decoration: underline;\"><strong>Le pack comprend:<\/strong><\/span><\/p><p><strong>la Tablette renforc\u00e9e x431 pro3s+V2\u00a0 \u00a0 \u00a0 \u00a0 +\u00a0 Le bo\u00eetier Obd2 avec le logiciel diagzone activ\u00e9\u00a0 pour 2 ans en full +\u00a0 un c\u00e2ble Obd2<\/strong><\/p><p><em>Ecran tactile 10,1&Prime; HD\u00a0<\/em><\/p><p><em>Processeur Qualcomm Snapdragon 450<\/em><\/p><p><em>RAM 3 Go &#8211; Capacit\u00e9 de stockage 128 Go\u00a0<\/em><\/p><p>Poids : 480 g &#8211; Epaisseur : 8,5 mm<\/p><p><em><span style=\"font-size: medium;\"><span style=\"color: #4d5156;\"><span style=\"font-family: arial, sans-serif;\">batterie: 4850mAh\/18,7Wh<\/span><\/span><\/span><\/em><\/p>\t\t\t\t\t\t<\/div>\n\t\t\t\t<\/div>\n\t\t\t\t\t<\/div>\n\t\t<\/div>\n\t\t\t\t\t\t\t<\/div>\n\t\t<\/section>\n\t\t\t\t<section class=\"elementor-section elementor-top-section elementor-element elementor-element-2e2df97 elementor-section-boxed elementor-section-height-default elementor-section-height-default\" data-id=\"2e2df97\" data-element_type=\"section\">\n\t\t\t\t\t\t<div class=\"elementor-container elementor-column-gap-default\">\n\t\t\t\t\t<div class=\"elementor-column elementor-col-100 elementor-top-column elementor-element elementor-element-e3cde18\" data-id=\"e3cde18\" data-element_type=\"column\">\n\t\t\t<div class=\"elementor-widget-wrap elementor-element-populated\">\n\t\t\t\t\t\t\t\t<div class=\"elementor-element elementor-element-c2b49e3 elementor-widget elementor-widget-text-editor\" data-id=\"c2b49e3\" data-element_type=\"widget\" data-widget_type=\"text-editor.default\">\n\t\t\t\t<div class=\"elementor-widget-container\">\n\t\t\t\t\t\t\t<p>DIAGNOSTIC SUR LES\u00a0<strong>V\u00c9HICULES THERMIQUES, \u00c9LECTRIQUES<\/strong>\u00a0MAIS AUSSI\u00a0<strong>POIDS LOURD, Motos,engins agricoles et de terrassements\u00a0<\/strong>GR\u00c2CE A UN PRODUIT FIABLE ET UNE LICENCE COMPL\u00c8TE DE 2ANS COMPRISES DANS LE PRIX. L&rsquo;ENSEMBLE POUR <strong>790 EUROS.<\/strong><\/p><p><strong>Le prix est tr\u00e8s comp\u00e9titif par rapport \u00e0 d&rsquo;autres sites marchands.<\/strong><\/p><p><strong>APR\u00c8S 2 ANS, IL EST POSSIBLE DE\u00a0 CONTINUER \u00c0 UTILISER LE LOGICIEL ET DE GARDER VOS MISES \u00c0 JOUR SANS PAYER.<\/strong><\/p><p>VOICI CE QUE VOUS POURREZ EFFECTUER AVEC LA NOUVELLE VERSION DE\u00a0 DIAGZONE:<\/p><p>DIAGNOSTIC\u00a0 de tout type de vehicules.<\/p><p>MISES \u00c0 JOUR GRATUITES DE DEUX ANS\u00a0<strong>(PAS DE VERROUILLAGE APR\u00c8S DEUX ANS, CONTINUEZ \u00c0 L&rsquo;UTILISER)<\/strong><\/p><p>VERSION ENTI\u00c8REMENT ACTIV\u00c9E AVEC TOUTES LES FONCTIONNALIT\u00c9S.<\/p><p>COMMUNIQUE VIA BLUETOOTH LES INFORMATIONS DE L\u2019ECU.<\/p><p>LECTEUR DE CODE DE D\u00c9FAUT DE TOUT MODULE DE COMMANDE (DTC).<\/p><p>EFFACER LES CODES D\u2019ERREUR (DTC).<\/p><p>GRAPHIQUES DE DONN\u00c9ES EN DIRECT AVEC ACTIVATION D\u2019AFFICHAGES, ADAPTATION, CODAGE EN LIGNE (PAR EXEMPLE: BLOC\u00a0 ABS VAG ) ET PLUS ENCORE.<\/p><p>R\u00c9INITIALISATION ADblue, FAp ET R\u00c9G\u00c9N\u00c9RATION DU FAP.<\/p><p>PROGRAMMATION \/ CODAGE DES INJECTEURS.<\/p><p>R\u00c9INITIALISATION \u00c9LECTRONIQUE DU FREIN DE STATIONNEMENT PURGE ABS.<\/p><p>R\u00c9INITIALISATION DE L\u2019HUILE ET DU SERVICE.<\/p><p>ADAPTATION DE LA BATTERIE.<\/p><p>R\u00c9INITIALISATION DU CAPTEUR DE NOX.<\/p><p>ADAPTATION EGR.<\/p><p>R\u00c9INITIALISATION START \/ STOP.<\/p><div><p>SERVICE SAS:\u00a0AIDE \u00c0 EFFACER LES M\u00c9MOIRES DE CAPTEUR D&rsquo;ANGLE DE BRAQUAGE DE D\u00c9FAUT ET JOUE UN R\u00d4LE IMPORTANT DANS L&rsquo;\u00c9TALONNAGE DU CAPTEUR D&rsquo;ANGLE DE BRAQUAGE.<\/p><p>SERVICE TPMS:\u00a0AFFICHER LES ID DES CAPTEURS \u00c0 PARTIR DE L&rsquo;ECU DU V\u00c9HICULE, SAISIR LES ID DE REMPLACEMENT DES CAPTEURS TPMS ET\u00a0 TESTER LES CAPTEURS.<\/p><p>PROGRAMMATION CL\u00c9 IMMO:\u00a0LA FONCTION UNIQUE DE PROGRAMMATION DE CL\u00c9 DE VOITURE ET DE LECTURE DU CODE PIN.<\/p><p>R\u00c9INITIALISATION DU TOIT OUVRANT.<\/p><p>\u00a0R\u00c9INITIALISATION DE LA SUSPENSION.<\/p><p>\u00a0R\u00c9INITIALISATION DE LA BO\u00ceTE DE VITESSES.<\/p><p>PROC\u00c9DURE DE R\u00c9INITIALISATION ET\u00a0 APPRENTISSAGE ADAPTATIF.<\/p><p>R\u00c9INITIALISATION DES PHARES AFS.<\/p><p>ADAPTATION DE L&rsquo;ACC\u00c9L\u00c9RATEUR.<\/p><p>EFFECTUER DES TESTS ACTIONNEURS.<\/p><p>VOUS L&rsquo;AUREZ COMPRIS DIAGZONE PROPOSE DE NOMBREUSES FONCTIONNALIT\u00c9S (ELLES NE SONT PAS TOUTES LIST\u00c9ES )AVEC UNE INTERFACE INTUITIVE.<\/p><\/div>\t\t\t\t\t\t<\/div>\n\t\t\t\t<\/div>\n\t\t\t\t\t<\/div>\n\t\t<\/div>\n\t\t\t\t\t\t\t<\/div>\n\t\t<\/section>\n\t\t\t\t<section class=\"elementor-section elementor-top-section elementor-element elementor-element-51130d3 elementor-section-boxed elementor-section-height-default elementor-section-height-default\" data-id=\"51130d3\" data-element_type=\"section\">\n\t\t\t\t\t\t<div class=\"elementor-container elementor-column-gap-default\">\n\t\t\t\t\t<div class=\"elementor-column elementor-col-50 elementor-top-column elementor-element elementor-element-d477325\" data-id=\"d477325\" data-element_type=\"column\">\n\t\t\t<div class=\"elementor-widget-wrap elementor-element-populated\">\n\t\t\t\t\t\t\t\t<div class=\"elementor-element elementor-element-34d434f elementor-widget elementor-widget-button\" data-id=\"34d434f\" data-element_type=\"widget\" data-widget_type=\"button.default\">\n\t\t\t\t<div class=\"elementor-widget-container\">\n\t\t\t\t\t<div class=\"elementor-button-wrapper\">\n\t\t\t<a class=\"elementor-button elementor-button-link elementor-size-sm\" href=\"https:\/\/diagzone.fr\/en\/licence-diagzone-2-ans\/\">\n\t\t\t\t\t\t<span class=\"elementor-button-content-wrapper\">\n\t\t\t\t\t\t<span class=\"elementor-button-text\">Cliquez ici<\/span>\n\t\t<\/span>\n\t\t\t\t\t<\/a>\n\t\t<\/div>\n\t\t\t\t<\/div>\n\t\t\t\t<\/div>\n\t\t\t\t\t<\/div>\n\t\t<\/div>\n\t\t\t\t<div class=\"elementor-column elementor-col-50 elementor-top-column elementor-element elementor-element-450078c\" data-id=\"450078c\" data-element_type=\"column\">\n\t\t\t<div class=\"elementor-widget-wrap elementor-element-populated\">\n\t\t\t\t\t\t\t\t<div class=\"elementor-element elementor-element-e93aeb6 elementor-widget elementor-widget-text-editor\" data-id=\"e93aeb6\" data-element_type=\"widget\" data-widget_type=\"text-editor.default\">\n\t\t\t\t<div class=\"elementor-widget-container\">\n\t\t\t\t\t\t\t<h2>pour apercevoir les marques et les\u00a0 dates limites des v\u00e9hicules pris en compte par DiagZone<\/h2>\t\t\t\t\t\t<\/div>\n\t\t\t\t<\/div>\n\t\t\t\t\t<\/div>\n\t\t<\/div>\n\t\t\t\t\t\t\t<\/div>\n\t\t<\/section>\n\t\t\t\t\t\t\t<\/div>","protected":false},"excerpt":{"rendered":"<ul>\n<li>\n<h1><strong>Pack pr\u00eat \u00e0 l&#8217;emploi<\/strong><\/h1>\n<\/li>\n<li>\n<h1><strong>bo\u00eetier obd2 pour\u00a0 Diagzone<\/strong><\/h1>\n<\/li>\n<li>\n<h1><strong>tablette x431pro3s+V2<\/strong><\/h1>\n<\/li>\n<li>\n<h1><strong>mises \u00e0\u00a0 jour pendant 2 ans<\/strong><\/h1>\n<\/li>\n<\/ul>","protected":false},"featured_media":2774,"template":"","meta":[],"product_cat":[23],"product_tag":[],"class_list":{"0":"post-1622","1":"product","2":"type-product","3":"status-publish","4":"has-post-thumbnail","6":"product_cat-multimarques","8":"entry","9":"has-media","11":"first","12":"instock","13":"sale","14":"featured","15":"shipping-taxable","16":"purchasable","17":"product-type-simple","18":"has-product-nav","19":"col","20":"span_1_of_3","21":"owp-content-left","22":"owp-thumbs-layout-horizontal","23":"owp-btn-normal","24":"owp-tabs-layout-horizontal","26":"circle-sale"},"_links":{"self":[{"href":"https:\/\/diagzone.fr\/en\/wp-json\/wp\/v2\/product\/1622","targetHints":{"allow":["GET"]}}],"collection":[{"href":"https:\/\/diagzone.fr\/en\/wp-json\/wp\/v2\/product"}],"about":[{"href":"https:\/\/diagzone.fr\/en\/wp-json\/wp\/v2\/types\/product"}],"version-history":[{"count":0,"href":"https:\/\/diagzone.fr\/en\/wp-json\/wp\/v2\/product\/1622\/revisions"}],"wp:featuredmedia":[{"embeddable":true,"href":"https:\/\/diagzone.fr\/en\/wp-json\/wp\/v2\/media\/2774"}],"wp:attachment":[{"href":"https:\/\/diagzone.fr\/en\/wp-json\/wp\/v2\/media?parent=1622"}],"wp:term":[{"taxonomy":"product_cat","embeddable":true,"href":"https:\/\/diagzone.fr\/en\/wp-json\/wp\/v2\/product_cat?post=1622"},{"taxonomy":"product_tag","embeddable":true,"href":"https:\/\/diagzone.fr\/en\/wp-json\/wp\/v2\/product_tag?post=1622"}],"curies":[{"name":"wp","href":"https:\/\/api.w.org\/{rel}","templated":true}]}}