{"id":184,"date":"2023-07-03T14:07:53","date_gmt":"2023-07-03T14:07:53","guid":{"rendered":"https:\/\/diagzone.fr\/?post_type=product&#038;p=184"},"modified":"2025-06-26T21:17:43","modified_gmt":"2025-06-26T21:17:43","slug":"valise-multimarques-auto","status":"publish","type":"product","link":"https:\/\/diagzone.fr\/en\/valises\/valise-multimarques-auto\/","title":{"rendered":"DiagZone Pro V2"},"content":{"rendered":"<div data-elementor-type=\"wp-post\" data-elementor-id=\"184\" class=\"elementor elementor-184\">\n\t\t\t\t\t\t\t\t\t<section class=\"elementor-section elementor-top-section elementor-element elementor-element-12affe1 elementor-section-boxed elementor-section-height-default elementor-section-height-default\" data-id=\"12affe1\" data-element_type=\"section\">\n\t\t\t\t\t\t<div class=\"elementor-container elementor-column-gap-default\">\n\t\t\t\t\t<div class=\"elementor-column elementor-col-100 elementor-top-column elementor-element elementor-element-3b6b5ab\" data-id=\"3b6b5ab\" data-element_type=\"column\">\n\t\t\t<div class=\"elementor-widget-wrap elementor-element-populated\">\n\t\t\t\t\t\t\t\t<div class=\"elementor-element elementor-element-cbf5944 elementor-widget elementor-widget-text-editor\" data-id=\"cbf5944\" data-element_type=\"widget\" data-widget_type=\"text-editor.default\">\n\t\t\t\t<div class=\"elementor-widget-container\">\n\t\t\t\t\t\t\t<p>Diagnostic sur les <strong>v\u00e9hicules thermiques, \u00e9lectriques<\/strong> mais aussi <strong>Poids lourd <\/strong>gr\u00e2ce a un produit fiable et une licence compl\u00e8te de 2ans comprises dans le prix. L&rsquo;ensemble <strong>490 euros !!!!<\/strong><\/p><p><strong>Apr\u00e8s 2 ans, il est possible de\u00a0 continuer \u00e0 utiliser le logiciel et de garder vos mises \u00e0 jour sans payer.<\/strong><\/p><p><span style=\"text-decoration: underline;\">Voici ce que vous pourrez effectuer avec la nouvelle version de\u00a0 Diagzone:<\/span><\/p><p>Diagnostic de voitures\u00a0 et poids lourd.<\/p><p>Mises \u00e0 jour gratuites de deux ans <strong>(pas de verrouillage apr\u00e8s deux ans, continuez \u00e0 l&rsquo;utiliser)<\/strong><\/p><p>Version enti\u00e8rement activ\u00e9e avec toutes les fonctionnalit\u00e9s.<\/p><p>Communique via Bluetooth les informations de l\u2019ECU.<\/p><p>Lecteur de code de d\u00e9faut de tout module de commande (DTC).<\/p><p>Effacer les codes d\u2019erreur (DTC).<\/p><p>Graphiques de donn\u00e9es en direct avec activation d\u2019affichages, adaptation, codage en ligne (par exemple: bloc\u00a0 ABS VAG ) et plus encore.<\/p><p>R\u00e9initialisation et r\u00e9g\u00e9n\u00e9ration du FAP.<\/p><p>Programmation \/ codage des injecteurs.<\/p><p>R\u00e9initialisation \u00e9lectronique du frein de stationnement Purge ABS.<\/p><p>R\u00e9initialisation de l\u2019huile et du service.<\/p><p><span style=\"font-size: 14px; color: var( --e-global-color-text ); letter-spacing: 0.2px;\">Adaptation de la batterie.<\/span><\/p><p>R\u00e9initialisation du capteur de NOx.<\/p><p>Adaptation EGR.<\/p><p>R\u00c9INITIALISATION START \/ STOP.<\/p><div><p>Service SAS:\u00a0<span style=\"font-size: 14px; color: var( --e-global-color-text ); letter-spacing: 0.2px;\">Aide \u00e0 effacer les m\u00e9moires de capteur d&rsquo;angle de braquage de d\u00e9faut et joue un r\u00f4le important dans l&rsquo;\u00e9talonnage du capteur d&rsquo;angle de braquage.<\/span><\/p><p>service TPMS:\u00a0<span style=\"font-size: 14px; color: var( --e-global-color-text ); letter-spacing: 0.2px;\">afficher les ID des capteurs \u00e0 partir de l&rsquo;ECU du v\u00e9hicule, saisir les ID de remplacement des capteurs TPMS et\u00a0 tester les capteurs.<\/span><\/p><p><span style=\"font-size: 14px; color: var( --e-global-color-text ); letter-spacing: 0.2px;\">Programmation cl\u00e9 IMMO:\u00a0<\/span><span style=\"font-size: 14px; color: var( --e-global-color-text ); letter-spacing: 0.2px;\">La fonction unique de programmation de cl\u00e9 de voiture et de lecture du code PIN.<\/span><\/p><p><span style=\"font-size: 14px; color: var( --e-global-color-text ); letter-spacing: 0.2px;\">R\u00e9initialisation du toit ouvrant<\/span><span style=\"font-size: 14px; color: var( --e-global-color-text ); letter-spacing: 0.2px;\">.<\/span><\/p><p>\u00a0R\u00e9initialisation de la suspension.<\/p><p><span style=\"color: var( --e-global-color-text ); font-size: 14px; letter-spacing: 0.2px;\">\u00a0R\u00e9initialisation de la bo\u00eete de vitesses.<\/span><\/p><p>Proc\u00e9dure de r\u00e9initialisation et\u00a0 Apprentissage adaptatif.<\/p><p>R\u00e9initialisation des phares AFS.<\/p><p><span style=\"font-size: 14px; color: var( --e-global-color-text ); letter-spacing: 0.2px;\">Adaptation de l&rsquo;acc\u00e9l\u00e9rateur.<\/span><\/p><p>Effectuer des tests actionneurs.<\/p><p>vous l&rsquo;aurez compris diagzone propose de nombreuses fonctionnalit\u00e9s (elles ne sont pas toutes list\u00e9es )avec une interface intuitive.<\/p><p>plus de 16 langues disponibles dont le Fran\u00e7ais \u00e9videmment.<\/p><\/div><p style=\"margin-bottom: 1rem; font-family: Rubik; line-height: 26px; font-weight: 400; font-style: normal; color: #808080; font-size: 16px; font-variant-ligatures: normal; font-variant-caps: normal; letter-spacing: normal; text-transform: none;\">\u00a0<\/p>\t\t\t\t\t\t<\/div>\n\t\t\t\t<\/div>\n\t\t\t\t\t<\/div>\n\t\t<\/div>\n\t\t\t\t\t\t\t<\/div>\n\t\t<\/section>\n\t\t\t\t<section class=\"elementor-section elementor-top-section elementor-element elementor-element-69b6bd8 elementor-section-boxed elementor-section-height-default elementor-section-height-default\" data-id=\"69b6bd8\" data-element_type=\"section\">\n\t\t\t\t\t\t<div class=\"elementor-container elementor-column-gap-default\">\n\t\t\t\t\t<div class=\"elementor-column elementor-col-100 elementor-top-column elementor-element elementor-element-510c036\" data-id=\"510c036\" data-element_type=\"column\">\n\t\t\t<div class=\"elementor-widget-wrap elementor-element-populated\">\n\t\t\t\t\t\t\t\t<div class=\"elementor-element elementor-element-f45a8c4 elementor-widget elementor-widget-image\" data-id=\"f45a8c4\" data-element_type=\"widget\" data-widget_type=\"image.default\">\n\t\t\t\t<div class=\"elementor-widget-container\">\n\t\t\t\t\t\t\t\t\t\t\t\t\t\t\t<img fetchpriority=\"high\" decoding=\"async\" width=\"585\" height=\"583\" src=\"https:\/\/diagzone.fr\/wp-content\/uploads\/2023\/07\/fonctions-speciales.jpg\" class=\"attachment-medium_large size-medium_large wp-image-474\" alt=\"\" srcset=\"https:\/\/diagzone.fr\/wp-content\/uploads\/2023\/07\/fonctions-speciales.jpg 585w, https:\/\/diagzone.fr\/wp-content\/uploads\/2023\/07\/fonctions-speciales-100x100.jpg 100w, https:\/\/diagzone.fr\/wp-content\/uploads\/2023\/07\/fonctions-speciales-50x50.jpg 50w, https:\/\/diagzone.fr\/wp-content\/uploads\/2023\/07\/fonctions-speciales-300x300.jpg 300w, https:\/\/diagzone.fr\/wp-content\/uploads\/2023\/07\/fonctions-speciales-150x150.jpg 150w\" sizes=\"(max-width: 585px) 100vw, 585px\" \/>\t\t\t\t\t\t\t\t\t\t\t\t\t\t\t<\/div>\n\t\t\t\t<\/div>\n\t\t\t\t\t<\/div>\n\t\t<\/div>\n\t\t\t\t\t\t\t<\/div>\n\t\t<\/section>\n\t\t\t\t<section class=\"elementor-section elementor-top-section elementor-element elementor-element-7bb7964 elementor-section-boxed elementor-section-height-default elementor-section-height-default\" data-id=\"7bb7964\" data-element_type=\"section\">\n\t\t\t\t\t\t<div class=\"elementor-container elementor-column-gap-default\">\n\t\t\t\t\t<div class=\"elementor-column elementor-col-50 elementor-top-column elementor-element elementor-element-9e5413b\" data-id=\"9e5413b\" data-element_type=\"column\">\n\t\t\t<div class=\"elementor-widget-wrap elementor-element-populated\">\n\t\t\t\t\t\t\t\t<div class=\"elementor-element elementor-element-d69966e elementor-widget__width-initial elementor-widget elementor-widget-button\" data-id=\"d69966e\" data-element_type=\"widget\" data-widget_type=\"button.default\">\n\t\t\t\t<div class=\"elementor-widget-container\">\n\t\t\t\t\t<div class=\"elementor-button-wrapper\">\n\t\t\t<a class=\"elementor-button elementor-button-link elementor-size-md\" href=\"https:\/\/diagzone.fr\/en\/licence-diagzone-2-ans\/\" target=\"_blank\">\n\t\t\t\t\t\t<span class=\"elementor-button-content-wrapper\">\n\t\t\t\t\t\t<span class=\"elementor-button-text\">Cliquez ici<\/span>\n\t\t<\/span>\n\t\t\t\t\t<\/a>\n\t\t<\/div>\n\t\t\t\t<\/div>\n\t\t\t\t<\/div>\n\t\t\t\t\t<\/div>\n\t\t<\/div>\n\t\t\t\t<div class=\"elementor-column elementor-col-50 elementor-top-column elementor-element elementor-element-778691b\" data-id=\"778691b\" data-element_type=\"column\">\n\t\t\t<div class=\"elementor-widget-wrap elementor-element-populated\">\n\t\t\t\t\t\t\t\t<div class=\"elementor-element elementor-element-d364886 elementor-widget__width-initial elementor-widget elementor-widget-text-editor\" data-id=\"d364886\" data-element_type=\"widget\" data-widget_type=\"text-editor.default\">\n\t\t\t\t<div class=\"elementor-widget-container\">\n\t\t\t\t\t\t\t<h2>pour apercevoir les marques et les&nbsp; dates limites des v\u00e9hicules pris en compte par DiagZone<\/h2>\t\t\t\t\t\t<\/div>\n\t\t\t\t<\/div>\n\t\t\t\t\t<\/div>\n\t\t<\/div>\n\t\t\t\t\t\t\t<\/div>\n\t\t<\/section>\n\t\t\t\t\t\t\t<\/div>","protected":false},"excerpt":{"rendered":"<p>&nbsp;<\/p>\n<ul>\n<li style=\"list-style-type: none;\">\n<ul>\n<li style=\"list-style-type: none;\">\n<ul>\n<li style=\"list-style-type: none;\">\n<ul>\n<li style=\"list-style-type: none;\">\n<ul>\n<li>\n<h4 style=\"text-align: left;\">Bo\u00eetier OBD2 pour Diagzone<\/h4>\n<\/li>\n<li>\n<h4 style=\"text-align: left;\">Livraison gratuite (3 jours)<\/h4>\n<\/li>\n<li style=\"text-align: left;\">\n<h4>Excellent rapport qualit\u00e9\/prix<\/h4>\n<\/li>\n<\/ul>\n<\/li>\n<\/ul>\n<\/li>\n<\/ul>\n<\/li>\n<\/ul>\n<\/li>\n<\/ul>\n<ul>\n<li style=\"list-style-type: none;\">\n<ul>\n<li style=\"list-style-type: none;\">\n<ul>\n<li style=\"list-style-type: none;\">\n<ul>\n<li style=\"list-style-type: none;\">\n<ul>\n<li>\n<h4>Produit utilisable \u00e0 vie<\/h4>\n<\/li>\n<\/ul>\n<\/li>\n<\/ul>\n<\/li>\n<\/ul>\n<\/li>\n<\/ul>\n<\/li>\n<\/ul>\n<ul>\n<li style=\"list-style-type: none;\">\n<ul>\n<li style=\"list-style-type: none;\">\n<ul>\n<li style=\"list-style-type: none;\">\n<ul>\n<li style=\"list-style-type: none;\">\n<ul>\n<li style=\"text-align: left;\">\n<h4><strong>Mises \u00e0 jour du logiciel Diagzone offertes pendant 2 ans\u00a0<\/strong><\/h4>\n<\/li>\n<\/ul>\n<\/li>\n<\/ul>\n<\/li>\n<\/ul>\n<\/li>\n<\/ul>\n<\/li>\n<\/ul>","protected":false},"featured_media":1676,"template":"","meta":[],"product_cat":[24,23],"product_tag":[],"class_list":{"0":"post-184","1":"product","2":"type-product","3":"status-publish","4":"has-post-thumbnail","6":"product_cat-diagzone","7":"product_cat-multimarques","9":"entry","10":"has-media","12":"first","13":"instock","14":"sale","15":"featured","16":"shipping-taxable","17":"purchasable","18":"product-type-simple","19":"has-product-nav","20":"col","21":"span_1_of_3","22":"owp-content-left","23":"owp-thumbs-layout-horizontal","24":"owp-btn-normal","25":"owp-tabs-layout-horizontal","27":"circle-sale"},"_links":{"self":[{"href":"https:\/\/diagzone.fr\/en\/wp-json\/wp\/v2\/product\/184","targetHints":{"allow":["GET"]}}],"collection":[{"href":"https:\/\/diagzone.fr\/en\/wp-json\/wp\/v2\/product"}],"about":[{"href":"https:\/\/diagzone.fr\/en\/wp-json\/wp\/v2\/types\/product"}],"version-history":[{"count":0,"href":"https:\/\/diagzone.fr\/en\/wp-json\/wp\/v2\/product\/184\/revisions"}],"wp:featuredmedia":[{"embeddable":true,"href":"https:\/\/diagzone.fr\/en\/wp-json\/wp\/v2\/media\/1676"}],"wp:attachment":[{"href":"https:\/\/diagzone.fr\/en\/wp-json\/wp\/v2\/media?parent=184"}],"wp:term":[{"taxonomy":"product_cat","embeddable":true,"href":"https:\/\/diagzone.fr\/en\/wp-json\/wp\/v2\/product_cat?post=184"},{"taxonomy":"product_tag","embeddable":true,"href":"https:\/\/diagzone.fr\/en\/wp-json\/wp\/v2\/product_tag?post=184"}],"curies":[{"name":"wp","href":"https:\/\/api.w.org\/{rel}","templated":true}]}}