{"id":2280,"date":"2024-12-05T19:38:46","date_gmt":"2024-12-05T19:38:46","guid":{"rendered":"https:\/\/diagzone.fr\/?post_type=product&#038;p=2280"},"modified":"2025-06-26T21:15:15","modified_gmt":"2025-06-26T21:15:15","slug":"valise-dbscar7-full-protocoles","status":"publish","type":"product","link":"https:\/\/diagzone.fr\/en\/valises\/valise-dbscar7-full-protocoles\/","title":{"rendered":"DIAGZONE PRO V2+full protocoles"},"content":{"rendered":"<div data-elementor-type=\"wp-post\" data-elementor-id=\"2280\" class=\"elementor elementor-2280\">\n\t\t\t\t\t\t\t\t\t<section class=\"elementor-section elementor-top-section elementor-element elementor-element-389bfd2f elementor-section-boxed elementor-section-height-default elementor-section-height-default\" data-id=\"389bfd2f\" data-element_type=\"section\">\n\t\t\t\t\t\t<div class=\"elementor-container elementor-column-gap-default\">\n\t\t\t\t\t<div class=\"elementor-column elementor-col-100 elementor-top-column elementor-element elementor-element-44bb26af\" data-id=\"44bb26af\" data-element_type=\"column\">\n\t\t\t<div class=\"elementor-widget-wrap elementor-element-populated\">\n\t\t\t\t\t\t\t\t<div class=\"elementor-element elementor-element-5714eb30 elementor-widget elementor-widget-text-editor\" data-id=\"5714eb30\" data-element_type=\"widget\" data-widget_type=\"text-editor.default\">\n\t\t\t\t<div class=\"elementor-widget-container\">\n\t\t\t\t\t\t\t<ul>\r\n \t<li class=\"detail-desc-decorate-content\"><span id=\"tl_4\" data-spm-anchor-id=\"a2g0o.detail.1000023.i1.1a547925DKeoQA\">Diagnostic de tous les syst\u00e8mes: comprend le syst\u00e8me moteur, ABS,\u00a0 syst\u00e8me ABS,\u00a0 syst\u00e8me SAS, syst\u00e8me TPMS, syst\u00e8me IMMO, syst\u00e8me batterie, service d&rsquo;huile, syst\u00e8me SRS,&#8230;&#8230;<\/span><\/li>\r\n \t<li class=\"detail-desc-decorate-content\"><span id=\"tl_4\" data-spm-anchor-id=\"a2g0o.detail.1000023.i1.1a547925DKeoQA\">Fonctions OBD2 et EOBD compl\u00e8tes<\/span><\/li>\r\n \t<li class=\"detail-desc-decorate-content\"><span id=\"tl_4\" data-spm-anchor-id=\"a2g0o.detail.1000023.i1.1a547925DKeoQA\">Lire et effacer les DTC ( codes d\u00e9fauts )<\/span><\/li>\r\n \t<li class=\"detail-desc-decorate-content\"><strong>Codage ECU <\/strong><\/li>\r\n \t<li class=\"detail-desc-decorate-content\">Test actif des \u00e9l\u00e9ments\u00a0 du v\u00e9hicule ( Allumer le ventilateur du radiateur | Moduler l&rsquo;acc\u00e9l\u00e9rateur | Ouvrir\/fermer les fen\u00eatres | Actionner les miroirs | Allumer\/\u00e9teindre les lumi\u00e8res | Allumer\/\u00e9teindre le klaxon sonore | Test de verrouillage de la porte\u2026)<\/li>\r\n \t<li class=\"detail-desc-decorate-content\"><strong id=\"tl_7\">\u00a0Fonctions de r\u00e9initialisations : <\/strong><span id=\"tl_8\">huile , AFS (Active Front Steering),calibrage de l&rsquo;angle de direction, r\u00e9initialisation EGR&#8230;<\/span><\/li>\r\n \t<li class=\"detail-desc-decorate-content\"><span id=\"tl_8\">Auto Scan Car VIN Code:: peut scanner automatiquement les informations de la voiture, inclure le num\u00e9ro de VIN, l&rsquo;ann\u00e9e de sortie &#8230;&#8230;<\/span><\/li>\r\n \t<li class=\"detail-desc-decorate-content\"><span id=\"tl_8\">Autres fonctions: affichage des donn\u00e9es dans un graphique, rapport imprim\u00e9 sur l&rsquo;\u00e9tat de sant\u00e9 de la voiture, diagnostic \u00e0 distance,\u00a0 impression du rapport des v\u00e9hicules &#8230;.<\/span><\/li>\r\n<\/ul>\t\t\t\t\t\t<\/div>\n\t\t\t\t<\/div>\n\t\t\t\t\t<\/div>\n\t\t<\/div>\n\t\t\t\t\t\t\t<\/div>\n\t\t<\/section>\n\t\t\t\t<section class=\"elementor-section elementor-top-section elementor-element elementor-element-4eaddd4 elementor-section-boxed elementor-section-height-default elementor-section-height-default\" data-id=\"4eaddd4\" data-element_type=\"section\">\n\t\t\t\t\t\t<div class=\"elementor-container elementor-column-gap-default\">\n\t\t\t\t\t<div class=\"elementor-column elementor-col-100 elementor-top-column elementor-element elementor-element-f6d3fd6\" data-id=\"f6d3fd6\" data-element_type=\"column\">\n\t\t\t<div class=\"elementor-widget-wrap elementor-element-populated\">\n\t\t\t\t\t\t\t\t<div class=\"elementor-element elementor-element-742e18e elementor-widget-divider--separator-type-pattern elementor-widget-divider--view-line elementor-widget elementor-widget-divider\" data-id=\"742e18e\" data-element_type=\"widget\" data-widget_type=\"divider.default\">\n\t\t\t\t<div class=\"elementor-widget-container\">\n\t\t\t\t\t<div class=\"elementor-divider\" style=\"--divider-pattern-url: url(&quot;data:image\/svg+xml,%3Csvg xmlns=&#039;http:\/\/www.w3.org\/2000\/svg&#039; preserveAspectRatio=&#039;none&#039; overflow=&#039;visible&#039; height=&#039;100%&#039; viewBox=&#039;0 0 24 24&#039; fill=&#039;none&#039; stroke=&#039;black&#039; stroke-width=&#039;1&#039; stroke-linecap=&#039;square&#039; stroke-miterlimit=&#039;10&#039;%3E%3Cpolyline points=&#039;0,18 12,6 24,18 &#039;\/%3E%3C\/svg%3E&quot;);\">\n\t\t\t<span class=\"elementor-divider-separator\">\n\t\t\t\t\t\t<\/span>\n\t\t<\/div>\n\t\t\t\t<\/div>\n\t\t\t\t<\/div>\n\t\t\t\t\t<\/div>\n\t\t<\/div>\n\t\t\t\t\t\t\t<\/div>\n\t\t<\/section>\n\t\t\t\t<section class=\"elementor-section elementor-top-section elementor-element elementor-element-2b22de0 elementor-section-boxed elementor-section-height-default elementor-section-height-default\" data-id=\"2b22de0\" data-element_type=\"section\">\n\t\t\t\t\t\t<div class=\"elementor-container elementor-column-gap-default\">\n\t\t\t\t\t<div class=\"elementor-column elementor-col-50 elementor-top-column elementor-element elementor-element-bc76e0c\" data-id=\"bc76e0c\" data-element_type=\"column\">\n\t\t\t<div class=\"elementor-widget-wrap elementor-element-populated\">\n\t\t\t\t\t\t\t\t<div class=\"elementor-element elementor-element-ed598f0 elementor-widget elementor-widget-rating\" data-id=\"ed598f0\" data-element_type=\"widget\" data-widget_type=\"rating.default\">\n\t\t\t\t<div class=\"elementor-widget-container\">\n\t\t\t\t\t<div class=\"e-rating\" itemtype=\"https:\/\/schema.org\/Rating\" itemscope=\"\" itemprop=\"reviewRating\">\n\t\t\t<meta itemprop=\"worstRating\" content=\"0\">\n\t\t\t<meta itemprop=\"bestRating\" content=\"5\">\n\t\t\t<div class=\"e-rating-wrapper\" itemprop=\"ratingValue\" content=\"5\" role=\"img\" aria-label=\"Rated 5 out of 5\">\n\t\t\t\t\t\t\t<div class=\"e-icon\">\n\t\t\t\t<div class=\"e-icon-wrapper e-icon-marked\">\n\t\t\t\t\t<i aria-hidden=\"true\" class=\"eicon-star\"><\/i>\t\t\t\t<\/div>\n\t\t\t\t<div class=\"e-icon-wrapper e-icon-unmarked\">\n\t\t\t\t\t<i aria-hidden=\"true\" class=\"eicon-star\"><\/i>\t\t\t\t<\/div>\n\t\t\t<\/div>\n\t\t\t\t\t\t<div class=\"e-icon\">\n\t\t\t\t<div class=\"e-icon-wrapper e-icon-marked\">\n\t\t\t\t\t<i aria-hidden=\"true\" class=\"eicon-star\"><\/i>\t\t\t\t<\/div>\n\t\t\t\t<div class=\"e-icon-wrapper e-icon-unmarked\">\n\t\t\t\t\t<i aria-hidden=\"true\" class=\"eicon-star\"><\/i>\t\t\t\t<\/div>\n\t\t\t<\/div>\n\t\t\t\t\t\t<div class=\"e-icon\">\n\t\t\t\t<div class=\"e-icon-wrapper e-icon-marked\">\n\t\t\t\t\t<i aria-hidden=\"true\" class=\"eicon-star\"><\/i>\t\t\t\t<\/div>\n\t\t\t\t<div class=\"e-icon-wrapper e-icon-unmarked\">\n\t\t\t\t\t<i aria-hidden=\"true\" class=\"eicon-star\"><\/i>\t\t\t\t<\/div>\n\t\t\t<\/div>\n\t\t\t\t\t\t<div class=\"e-icon\">\n\t\t\t\t<div class=\"e-icon-wrapper e-icon-marked\">\n\t\t\t\t\t<i aria-hidden=\"true\" class=\"eicon-star\"><\/i>\t\t\t\t<\/div>\n\t\t\t\t<div class=\"e-icon-wrapper e-icon-unmarked\">\n\t\t\t\t\t<i aria-hidden=\"true\" class=\"eicon-star\"><\/i>\t\t\t\t<\/div>\n\t\t\t<\/div>\n\t\t\t\t\t\t<div class=\"e-icon\">\n\t\t\t\t<div class=\"e-icon-wrapper e-icon-marked\">\n\t\t\t\t\t<i aria-hidden=\"true\" class=\"eicon-star\"><\/i>\t\t\t\t<\/div>\n\t\t\t\t<div class=\"e-icon-wrapper e-icon-unmarked\">\n\t\t\t\t\t<i aria-hidden=\"true\" class=\"eicon-star\"><\/i>\t\t\t\t<\/div>\n\t\t\t<\/div>\n\t\t\t\t\t\t<\/div>\n\t\t<\/div>\n\t\t\t\t<\/div>\n\t\t\t\t<\/div>\n\t\t\t\t\t<\/div>\n\t\t<\/div>\n\t\t\t\t<div class=\"elementor-column elementor-col-50 elementor-top-column elementor-element elementor-element-2b70e55\" data-id=\"2b70e55\" data-element_type=\"column\">\n\t\t\t<div class=\"elementor-widget-wrap elementor-element-populated\">\n\t\t\t\t\t\t\t\t<div class=\"elementor-element elementor-element-163eac0 elementor-widget__width-initial elementor-widget elementor-widget-text-editor\" data-id=\"163eac0\" data-element_type=\"widget\" data-widget_type=\"text-editor.default\">\n\t\t\t\t<div class=\"elementor-widget-container\">\n\t\t\t\t\t\t\t<p>Dbscar7 PREND EN CHARGE LE <u><b>PROTOCOLE\u00a0 DOIP<\/b><\/u>\u00a0 EN PLUS DU CAN ET CANFD POUR LE DIAGNOSTIC APPROFONDI DE NOUVEAUX V\u00c9HICULES. IL EST BEAUCOUP PLUS RAPIDE.<\/p><p><span style=\"color: var( --e-global-color-text ); font-size: 14px; letter-spacing: 0.2px;\">IL A \u00c9GALEMENT UNE FONCTION AUTO-VIN QUI PERMET DONC D&rsquo;IDENTIFIER RAPIDEMENT L&rsquo;ANN\u00c9E DE FABRICATION, LA MARQUE ET LE MOD\u00c8LE.<\/span><\/p><p>Le DoIP (diagnostic via protocole internet)\u00a0<b>est un nouveau protocole \u00e9lectronique permettant une communication plus rapide et plus volumineuse au sein de nouveaux v\u00e9hicules<\/b>. De plus en plus de v\u00e9hicules seront \u00e9quip\u00e9s de DoIP<\/p>\t\t\t\t\t\t<\/div>\n\t\t\t\t<\/div>\n\t\t\t\t\t<\/div>\n\t\t<\/div>\n\t\t\t\t\t\t\t<\/div>\n\t\t<\/section>\n\t\t\t\t<section class=\"elementor-section elementor-top-section elementor-element elementor-element-7ecfa47 elementor-section-boxed elementor-section-height-default elementor-section-height-default\" data-id=\"7ecfa47\" data-element_type=\"section\">\n\t\t\t\t\t\t<div class=\"elementor-container elementor-column-gap-default\">\n\t\t\t\t\t<div class=\"elementor-column elementor-col-100 elementor-top-column elementor-element elementor-element-faecdf5\" data-id=\"faecdf5\" data-element_type=\"column\">\n\t\t\t<div class=\"elementor-widget-wrap elementor-element-populated\">\n\t\t\t\t\t\t\t\t<div class=\"elementor-element elementor-element-3ce94bb elementor-widget-divider--separator-type-pattern elementor-widget-divider--view-line elementor-widget elementor-widget-divider\" data-id=\"3ce94bb\" data-element_type=\"widget\" data-widget_type=\"divider.default\">\n\t\t\t\t<div class=\"elementor-widget-container\">\n\t\t\t\t\t<div class=\"elementor-divider\" style=\"--divider-pattern-url: url(&quot;data:image\/svg+xml,%3Csvg xmlns=&#039;http:\/\/www.w3.org\/2000\/svg&#039; preserveAspectRatio=&#039;none&#039; overflow=&#039;visible&#039; height=&#039;100%&#039; viewBox=&#039;0 0 24 24&#039; fill=&#039;none&#039; stroke=&#039;black&#039; stroke-width=&#039;1&#039; stroke-linecap=&#039;square&#039; stroke-miterlimit=&#039;10&#039;%3E%3Cpolyline points=&#039;0,18 12,6 24,18 &#039;\/%3E%3C\/svg%3E&quot;);\">\n\t\t\t<span class=\"elementor-divider-separator\">\n\t\t\t\t\t\t<\/span>\n\t\t<\/div>\n\t\t\t\t<\/div>\n\t\t\t\t<\/div>\n\t\t\t\t\t<\/div>\n\t\t<\/div>\n\t\t\t\t\t\t\t<\/div>\n\t\t<\/section>\n\t\t\t\t\t\t\t<\/div>","protected":false},"excerpt":{"rendered":"<p>&nbsp;<\/p>\n<ul>\n<li style=\"list-style-type: none;\">\n<ul>\n<li style=\"list-style-type: none;\">\n<ul>\n<li style=\"list-style-type: none;\">\n<ul>\n<li style=\"list-style-type: none;\">\n<ul>\n<li>\n<h4 style=\"text-align: left;\">Bo\u00eetier OBD2 pour Diagzone<\/h4>\n<\/li>\n<li>\n<h4 style=\"text-align: left;\">Livraison gratuite (3 jours)<\/h4>\n<\/li>\n<li style=\"text-align: left;\">\n<h4>TOP rapport qualit\u00e9\/prix<\/h4>\n<\/li>\n<li style=\"text-align: left;\">\n<h4><strong>Mise \u00e0 jour 2 ans DiagZone\u00a0 offerte<\/strong><\/h4>\n<\/li>\n<\/ul>\n<\/li>\n<\/ul>\n<\/li>\n<\/ul>\n<\/li>\n<\/ul>\n<\/li>\n<\/ul>\n<p style=\"text-align: left;\">","protected":false},"featured_media":2316,"template":"","meta":[],"product_cat":[23],"product_tag":[],"class_list":{"0":"post-2280","1":"product","2":"type-product","3":"status-publish","4":"has-post-thumbnail","6":"product_cat-multimarques","8":"entry","9":"has-media","11":"first","12":"instock","13":"sale","14":"featured","15":"shipping-taxable","16":"purchasable","17":"product-type-simple","18":"has-product-nav","19":"col","20":"span_1_of_3","21":"owp-content-left","22":"owp-thumbs-layout-horizontal","23":"owp-btn-normal","24":"owp-tabs-layout-horizontal","26":"circle-sale"},"_links":{"self":[{"href":"https:\/\/diagzone.fr\/en\/wp-json\/wp\/v2\/product\/2280","targetHints":{"allow":["GET"]}}],"collection":[{"href":"https:\/\/diagzone.fr\/en\/wp-json\/wp\/v2\/product"}],"about":[{"href":"https:\/\/diagzone.fr\/en\/wp-json\/wp\/v2\/types\/product"}],"version-history":[{"count":0,"href":"https:\/\/diagzone.fr\/en\/wp-json\/wp\/v2\/product\/2280\/revisions"}],"wp:featuredmedia":[{"embeddable":true,"href":"https:\/\/diagzone.fr\/en\/wp-json\/wp\/v2\/media\/2316"}],"wp:attachment":[{"href":"https:\/\/diagzone.fr\/en\/wp-json\/wp\/v2\/media?parent=2280"}],"wp:term":[{"taxonomy":"product_cat","embeddable":true,"href":"https:\/\/diagzone.fr\/en\/wp-json\/wp\/v2\/product_cat?post=2280"},{"taxonomy":"product_tag","embeddable":true,"href":"https:\/\/diagzone.fr\/en\/wp-json\/wp\/v2\/product_tag?post=2280"}],"curies":[{"name":"wp","href":"https:\/\/api.w.org\/{rel}","templated":true}]}}