{"id":2877,"date":"2025-07-07T22:47:15","date_gmt":"2025-07-07T22:47:15","guid":{"rendered":"https:\/\/diagzone.fr\/?post_type=product&#038;p=2877"},"modified":"2026-02-02T09:03:47","modified_gmt":"2026-02-02T09:03:47","slug":"haynes-pro","status":"publish","type":"product","link":"https:\/\/diagzone.fr\/en\/valises\/haynes-pro\/","title":{"rendered":"Haynes pro"},"content":{"rendered":"<p>HaynesPro est une\u00a0<b>base de donn\u00e9es techniques automobiles compl\u00e8te \u00e0 destination des professionnels<\/b>.<\/p>\n<p>Elle comprend notamment des donn\u00e9es sur la r\u00e9paration, l&rsquo;entretien, les temps de main-d&rsquo;\u0153uvre, les sch\u00e9mas \u00e9lectriques et\u00a0 de nombreuses <strong>sp\u00e9cifications techniques.<\/strong><\/p>\n<p>&nbsp;<\/p>","protected":false},"excerpt":{"rendered":"<p>Licence 1 an\u00a0 Haynes pro.<\/p>\n<p>&nbsp;<\/p>\n<p>&nbsp;<\/p>\n<p>&nbsp;<\/p>","protected":false},"featured_media":2882,"template":"","meta":[],"product_cat":[24,23],"product_tag":[],"class_list":{"0":"post-2877","1":"product","2":"type-product","3":"status-publish","4":"has-post-thumbnail","6":"product_cat-diagzone","7":"product_cat-multimarques","9":"entry","10":"has-media","12":"first","13":"instock","14":"featured","15":"shipping-taxable","16":"purchasable","17":"product-type-simple","18":"has-product-nav","19":"col","20":"span_1_of_3","21":"owp-content-left","22":"owp-thumbs-layout-horizontal","23":"owp-btn-normal","24":"owp-tabs-layout-horizontal","25":"has-no-thumbnails","27":"circle-sale"},"_links":{"self":[{"href":"https:\/\/diagzone.fr\/en\/wp-json\/wp\/v2\/product\/2877","targetHints":{"allow":["GET"]}}],"collection":[{"href":"https:\/\/diagzone.fr\/en\/wp-json\/wp\/v2\/product"}],"about":[{"href":"https:\/\/diagzone.fr\/en\/wp-json\/wp\/v2\/types\/product"}],"version-history":[{"count":0,"href":"https:\/\/diagzone.fr\/en\/wp-json\/wp\/v2\/product\/2877\/revisions"}],"wp:featuredmedia":[{"embeddable":true,"href":"https:\/\/diagzone.fr\/en\/wp-json\/wp\/v2\/media\/2882"}],"wp:attachment":[{"href":"https:\/\/diagzone.fr\/en\/wp-json\/wp\/v2\/media?parent=2877"}],"wp:term":[{"taxonomy":"product_cat","embeddable":true,"href":"https:\/\/diagzone.fr\/en\/wp-json\/wp\/v2\/product_cat?post=2877"},{"taxonomy":"product_tag","embeddable":true,"href":"https:\/\/diagzone.fr\/en\/wp-json\/wp\/v2\/product_tag?post=2877"}],"curies":[{"name":"wp","href":"https:\/\/api.w.org\/{rel}","templated":true}]}}