{"id":716,"date":"2023-09-29T13:38:49","date_gmt":"2023-09-29T13:38:49","guid":{"rendered":"https:\/\/diagzone.fr\/?post_type=product&#038;p=716"},"modified":"2025-08-29T22:21:16","modified_gmt":"2025-08-29T22:21:16","slug":"tablette-hipad-xpro","status":"publish","type":"product","link":"https:\/\/diagzone.fr\/en\/valises\/tablette-hipad-xpro\/","title":{"rendered":"tablette haute performance avec protection"},"content":{"rendered":"<p align=\"start\"><strong id=\"tl_2\" data-spm-anchor-id=\"a2g0o.detail.1000023.i0.2fbcjdAzjdAzYd\">\u00c9cran FHD de 10.1 pouces<\/strong><\/p>\n<p id=\"tl_3\" align=\"start\">La tablette\u00a0 Hi10 XPro dispose d&rsquo;un \u00e9cran de 10.1 pouces avec une r\u00e9solution d&rsquo;\u00e9cran FHD de 1280 par 800 et un rapport d&rsquo;\u00e9cran de 16:10.<\/p>\n<p align=\"start\"><strong id=\"tl_4\" data-spm-anchor-id=\"a2g0o.detail.1000023.i1.2fbcjdAzjdAzYd\">CPU Unisoc T606 Processeur<\/strong><\/p>\n<p align=\"start\">le processeur octa-core Unisoc T606, CPU cadenc\u00e9 \u00e0 1.6GHz\u00a0offre un fonctionnement beaucoup plus fluide et tr\u00e8s fiable pour Diagzone.<\/p>\n<p align=\"start\"><strong id=\"tl_6\">Syst\u00e8me d&rsquo;exploitation Android 14:<\/strong><\/p>\n<p id=\"tl_7\" align=\"start\">Android 14 OS offre une exploitation optimale du logiciel Diagzone. Il permet ainsi d&rsquo;\u00e9viter les diff\u00e9rents ralentissements que l&rsquo;on peut observer sur\u00a0 android\u00a0 15 (pas encore au point pour diagzone).<\/p>\n<p align=\"start\"><strong id=\"tl_8\">4 Go RAM+ 128 Go de ROM:<\/strong><\/p>\n<p id=\"tl_9\" align=\"start\">Mali-G57-3EE-1core micro \u00e0 condensateur int\u00e9gr\u00e9 de 750MHz, les r\u00e9seaux Wi-Fi 2.4G\/5G pour les appels t\u00e9l\u00e9phoniques et le Wi-Fi double bande offrent une exp\u00e9rience de mise en r\u00e9seau rapide.<\/p>\n<p><strong>Performances exceptionnelles<\/strong>: Cette tablette est vraiment fiable, rapide avec une\u00a0 batterie longue dur\u00e9e. Id\u00e9al pour le logiciel Diagzone avec son OS android 14.<\/p>","protected":false},"excerpt":{"rendered":"<p><strong><span style=\"color: #000000;\"><span style=\"font-family: Open Sans, Roboto, Arial, Helvetica, sans-serif, SimSun;\"><span style=\"font-size: medium;\"><b>Hi10XPro 10,1 pouces<\/b><\/span><\/span><\/span><\/strong><\/p>\n<p><strong><span style=\"color: #000000;\"><span style=\"font-family: Open Sans, Roboto, Arial, Helvetica, sans-serif, SimSun;\"><span style=\"font-size: medium;\"><b>Protection offerte<\/b><\/span><\/span><\/span><\/strong><\/p>\n<p><strong><span style=\"color: #000000;\"><span style=\"font-family: Open Sans, Roboto, Arial, Helvetica, sans-serif, SimSun;\"><span style=\"font-size: medium;\"><b>R\u00e9solution<\/b><\/span><\/span><\/span><\/strong><b> <\/b><strong><span style=\"color: #000000;\"><span style=\"font-family: Open Sans, Roboto, Arial, Helvetica, sans-serif, SimSun;\"><span style=\"font-size: medium;\"><b>\u00e9cran<\/b><\/span><\/span><\/span><\/strong><b> <\/b><strong><span style=\"color: #000000;\"><span style=\"font-family: Open Sans, Roboto, Arial, Helvetica, sans-serif, SimSun;\"><span style=\"font-size: medium;\"><b>1280*800\u00a0<\/b><\/span><\/span><\/span><\/strong><\/p>\n<p><strong><span style=\"color: #000000;\"><span style=\"font-family: Open Sans, Roboto, Arial, Helvetica, sans-serif, SimSun;\"><span style=\"font-size: medium;\"><b>4 Go de RAM <\/b><\/span><\/span><\/span><\/strong><\/p>\n<p><strong><span style=\"color: #000000;\"><span style=\"font-family: Open Sans, Roboto, Arial, Helvetica, sans-serif, SimSun;\"><span style=\"font-size: medium;\"><b>128 Go de stockage<\/b><\/span><\/span><\/span><\/strong><\/p>\n<p><strong><span style=\"color: #000000;\"><span style=\"font-family: Open Sans, Roboto, Arial, Helvetica, sans-serif, SimSun;\"><span style=\"font-size: medium;\"><b>4 G\/5 G WiFi Bluetooth 5.0 <\/b><\/span><\/span><\/span><\/strong><\/p>\n<p><strong><span style=\"color: #000000;\"><span style=\"font-family: Open Sans, Roboto, Arial, Helvetica, sans-serif, SimSun;\"><span style=\"font-size: medium;\"><b>Android 14<\/b><\/span><\/span><\/span><\/strong><\/p>\n<p><strong>Grande batterie int\u00e9gr\u00e9e de 7000mAh<\/strong><\/p>\n<p><strong>Livraison gratuite\u00a0<\/strong><\/p>","protected":false},"featured_media":2798,"template":"","meta":[],"product_cat":[24,23],"product_tag":[],"class_list":{"0":"post-716","1":"product","2":"type-product","3":"status-publish","4":"has-post-thumbnail","6":"product_cat-diagzone","7":"product_cat-multimarques","9":"entry","10":"has-media","12":"first","13":"instock","14":"sale","15":"featured","16":"shipping-taxable","17":"purchasable","18":"product-type-simple","19":"has-product-nav","20":"col","21":"span_1_of_3","22":"owp-content-left","23":"owp-thumbs-layout-horizontal","24":"owp-btn-normal","25":"owp-tabs-layout-horizontal","27":"circle-sale"},"_links":{"self":[{"href":"https:\/\/diagzone.fr\/en\/wp-json\/wp\/v2\/product\/716","targetHints":{"allow":["GET"]}}],"collection":[{"href":"https:\/\/diagzone.fr\/en\/wp-json\/wp\/v2\/product"}],"about":[{"href":"https:\/\/diagzone.fr\/en\/wp-json\/wp\/v2\/types\/product"}],"version-history":[{"count":0,"href":"https:\/\/diagzone.fr\/en\/wp-json\/wp\/v2\/product\/716\/revisions"}],"wp:featuredmedia":[{"embeddable":true,"href":"https:\/\/diagzone.fr\/en\/wp-json\/wp\/v2\/media\/2798"}],"wp:attachment":[{"href":"https:\/\/diagzone.fr\/en\/wp-json\/wp\/v2\/media?parent=716"}],"wp:term":[{"taxonomy":"product_cat","embeddable":true,"href":"https:\/\/diagzone.fr\/en\/wp-json\/wp\/v2\/product_cat?post=716"},{"taxonomy":"product_tag","embeddable":true,"href":"https:\/\/diagzone.fr\/en\/wp-json\/wp\/v2\/product_tag?post=716"}],"curies":[{"name":"wp","href":"https:\/\/api.w.org\/{rel}","templated":true}]}}