{"id":918,"date":"2023-12-21T22:00:32","date_gmt":"2023-12-21T22:00:32","guid":{"rendered":"https:\/\/diagzone.fr\/?post_type=product&#038;p=918"},"modified":"2025-02-24T22:47:55","modified_gmt":"2025-02-24T22:47:55","slug":"licence-diagzone-1","status":"publish","type":"product","link":"https:\/\/diagzone.fr\/en\/valises\/licence-diagzone-1\/","title":{"rendered":"licence mises \u00e0 jour diagzone Pro Full"},"content":{"rendered":"<p><strong>activation FULL de\u00a0 diagzone:<\/strong><\/p>\n<ul>\n<li><strong>Ensemble des mod\u00e8les de\u00a0 v\u00e9hicules thermiques et \u00e9lectriques<\/strong><\/li>\n<li><strong>(plus de 90 marques et plus de 300 v\u00e9hicules)<\/strong><\/li>\n<li><strong>Poids lourds<\/strong><\/li>\n<li><strong>Motos<\/strong><\/li>\n<li><strong>engins agricole et terrassement<\/strong><\/li>\n<li><strong>toutes les fonctions sp\u00e9ciales: reset vidange, codage injecteur, ouverture et fermeture frein, adaptation batterie ,purge abs, adaptation papillon, codage tpms, r\u00e9g\u00e9n\u00e9ration FAP\/ DPF &#8230;&#8230;<\/strong><\/li>\n<li><strong>activation rapide<\/strong><\/li>\n<li><strong>envoyer le num\u00e9ro s\u00e9rie de votre boitier obd2\u00a0 par\u00a0 t\u00e9l\u00e9phone au\u00a0 +337 45 29 59 44\u00a0<\/strong><\/li>\n<\/ul>\n<p>&nbsp;<\/p>\n<p>Remarque: apr\u00e8s la fin de la dur\u00e9e de la mise\u00a0 jour (1an ou 2ans),\u00a0 il est possible de continuer \u00e0 utiliser le logiciel diagzone.<\/p>","protected":false},"excerpt":{"rendered":"<p>&nbsp;<\/p>\n<p><strong>Envoyer le num\u00e9ro de votre boitier obd2\u00a0 <\/strong><strong>au 07 45 29 59 44.\u00a0 Merci<\/strong><\/p>","protected":false},"featured_media":1496,"template":"","meta":[],"product_cat":[24,23],"product_tag":[],"class_list":{"0":"post-918","1":"product","2":"type-product","3":"status-publish","4":"has-post-thumbnail","6":"product_cat-diagzone","7":"product_cat-multimarques","9":"entry","10":"has-media","12":"first","13":"instock","14":"featured","15":"shipping-taxable","16":"purchasable","17":"product-type-variable","18":"has-default-attributes","19":"has-product-nav","20":"col","21":"span_1_of_3","22":"owp-content-left","23":"owp-thumbs-layout-horizontal","24":"owp-btn-normal","25":"owp-tabs-layout-horizontal","27":"circle-sale"},"_links":{"self":[{"href":"https:\/\/diagzone.fr\/en\/wp-json\/wp\/v2\/product\/918","targetHints":{"allow":["GET"]}}],"collection":[{"href":"https:\/\/diagzone.fr\/en\/wp-json\/wp\/v2\/product"}],"about":[{"href":"https:\/\/diagzone.fr\/en\/wp-json\/wp\/v2\/types\/product"}],"version-history":[{"count":0,"href":"https:\/\/diagzone.fr\/en\/wp-json\/wp\/v2\/product\/918\/revisions"}],"wp:featuredmedia":[{"embeddable":true,"href":"https:\/\/diagzone.fr\/en\/wp-json\/wp\/v2\/media\/1496"}],"wp:attachment":[{"href":"https:\/\/diagzone.fr\/en\/wp-json\/wp\/v2\/media?parent=918"}],"wp:term":[{"taxonomy":"product_cat","embeddable":true,"href":"https:\/\/diagzone.fr\/en\/wp-json\/wp\/v2\/product_cat?post=918"},{"taxonomy":"product_tag","embeddable":true,"href":"https:\/\/diagzone.fr\/en\/wp-json\/wp\/v2\/product_tag?post=918"}],"curies":[{"name":"wp","href":"https:\/\/api.w.org\/{rel}","templated":true}]}}